{"id":1879,"date":"2021-04-29T19:30:39","date_gmt":"2021-04-29T19:30:39","guid":{"rendered":"http:\/\/easystock.ch\/faq\/"},"modified":"2023-08-18T13:39:46","modified_gmt":"2023-08-18T13:39:46","slug":"faq","status":"publish","type":"page","link":"https:\/\/easystock.ch\/de\/faq\/","title":{"rendered":"FAQ"},"content":{"rendered":"\t\t<div data-elementor-type=\"wp-page\" data-elementor-id=\"1879\" class=\"elementor elementor-1879 elementor-369\" data-elementor-post-type=\"page\">\n\t\t\t\t\t\t<section class=\"elementor-section elementor-top-section elementor-element elementor-element-113f2a94 elementor-section-height-min-height elementor-section-boxed elementor-section-height-default elementor-section-items-middle\" data-id=\"113f2a94\" data-element_type=\"section\" data-e-type=\"section\" data-settings=\"{&quot;background_background&quot;:&quot;classic&quot;,&quot;jet_parallax_layout_list&quot;:[{&quot;jet_parallax_layout_image&quot;:{&quot;url&quot;:&quot;&quot;,&quot;id&quot;:&quot;&quot;,&quot;size&quot;:&quot;&quot;},&quot;_id&quot;:&quot;16b7082&quot;,&quot;jet_parallax_layout_image_tablet&quot;:{&quot;url&quot;:&quot;&quot;,&quot;id&quot;:&quot;&quot;,&quot;size&quot;:&quot;&quot;},&quot;jet_parallax_layout_image_mobile&quot;:{&quot;url&quot;:&quot;&quot;,&quot;id&quot;:&quot;&quot;,&quot;size&quot;:&quot;&quot;},&quot;jet_parallax_layout_speed&quot;:{&quot;unit&quot;:&quot;%&quot;,&quot;size&quot;:50,&quot;sizes&quot;:[]},&quot;jet_parallax_layout_type&quot;:&quot;scroll&quot;,&quot;jet_parallax_layout_direction&quot;:&quot;1&quot;,&quot;jet_parallax_layout_fx_direction&quot;:null,&quot;jet_parallax_layout_z_index&quot;:&quot;&quot;,&quot;jet_parallax_layout_bg_x&quot;:50,&quot;jet_parallax_layout_bg_x_tablet&quot;:&quot;&quot;,&quot;jet_parallax_layout_bg_x_mobile&quot;:&quot;&quot;,&quot;jet_parallax_layout_bg_y&quot;:50,&quot;jet_parallax_layout_bg_y_tablet&quot;:&quot;&quot;,&quot;jet_parallax_layout_bg_y_mobile&quot;:&quot;&quot;,&quot;jet_parallax_layout_bg_size&quot;:&quot;auto&quot;,&quot;jet_parallax_layout_bg_size_tablet&quot;:&quot;&quot;,&quot;jet_parallax_layout_bg_size_mobile&quot;:&quot;&quot;,&quot;jet_parallax_layout_animation_prop&quot;:&quot;transform&quot;,&quot;jet_parallax_layout_on&quot;:[&quot;desktop&quot;,&quot;tablet&quot;]}]}\">\n\t\t\t\t\t\t\t<div class=\"elementor-background-overlay\"><\/div>\n\t\t\t\t\t\t\t<div class=\"elementor-container elementor-column-gap-default\">\n\t\t\t\t\t<div class=\"elementor-column elementor-col-100 elementor-top-column elementor-element elementor-element-6fd22315\" data-id=\"6fd22315\" data-element_type=\"column\" data-e-type=\"column\">\n\t\t\t<div class=\"elementor-widget-wrap elementor-element-populated\">\n\t\t\t\t\t\t<div class=\"elementor-element elementor-element-55b293e2 elementor-widget elementor-widget-heading\" data-id=\"55b293e2\" data-element_type=\"widget\" data-e-type=\"widget\" data-widget_type=\"heading.default\">\n\t\t\t\t<div class=\"elementor-widget-container\">\n\t\t\t\t\t<h2 class=\"elementor-heading-title elementor-size-default\">FAQ<\/h2>\t\t\t\t<\/div>\n\t\t\t\t<\/div>\n\t\t\t\t\t<\/div>\n\t\t<\/div>\n\t\t\t\t\t<\/div>\n\t\t<\/section>\n\t\t\t\t<section class=\"elementor-section elementor-top-section elementor-element elementor-element-8b5e4bc elementor-section-boxed elementor-section-height-default elementor-section-height-default\" data-id=\"8b5e4bc\" data-element_type=\"section\" data-e-type=\"section\" data-settings=\"{&quot;jet_parallax_layout_list&quot;:[{&quot;jet_parallax_layout_image&quot;:{&quot;url&quot;:&quot;&quot;,&quot;id&quot;:&quot;&quot;,&quot;size&quot;:&quot;&quot;},&quot;_id&quot;:&quot;6eb5839&quot;,&quot;jet_parallax_layout_image_tablet&quot;:{&quot;url&quot;:&quot;&quot;,&quot;id&quot;:&quot;&quot;,&quot;size&quot;:&quot;&quot;},&quot;jet_parallax_layout_image_mobile&quot;:{&quot;url&quot;:&quot;&quot;,&quot;id&quot;:&quot;&quot;,&quot;size&quot;:&quot;&quot;},&quot;jet_parallax_layout_speed&quot;:{&quot;unit&quot;:&quot;%&quot;,&quot;size&quot;:50,&quot;sizes&quot;:[]},&quot;jet_parallax_layout_type&quot;:&quot;scroll&quot;,&quot;jet_parallax_layout_direction&quot;:&quot;1&quot;,&quot;jet_parallax_layout_fx_direction&quot;:null,&quot;jet_parallax_layout_z_index&quot;:&quot;&quot;,&quot;jet_parallax_layout_bg_x&quot;:50,&quot;jet_parallax_layout_bg_x_tablet&quot;:&quot;&quot;,&quot;jet_parallax_layout_bg_x_mobile&quot;:&quot;&quot;,&quot;jet_parallax_layout_bg_y&quot;:50,&quot;jet_parallax_layout_bg_y_tablet&quot;:&quot;&quot;,&quot;jet_parallax_layout_bg_y_mobile&quot;:&quot;&quot;,&quot;jet_parallax_layout_bg_size&quot;:&quot;auto&quot;,&quot;jet_parallax_layout_bg_size_tablet&quot;:&quot;&quot;,&quot;jet_parallax_layout_bg_size_mobile&quot;:&quot;&quot;,&quot;jet_parallax_layout_animation_prop&quot;:&quot;transform&quot;,&quot;jet_parallax_layout_on&quot;:[&quot;desktop&quot;,&quot;tablet&quot;]}]}\">\n\t\t\t\t\t\t<div class=\"elementor-container elementor-column-gap-default\">\n\t\t\t\t\t<div class=\"elementor-column elementor-col-100 elementor-top-column elementor-element elementor-element-3b3e32e\" data-id=\"3b3e32e\" data-element_type=\"column\" data-e-type=\"column\">\n\t\t\t<div class=\"elementor-widget-wrap elementor-element-populated\">\n\t\t\t\t\t\t<div class=\"elementor-element elementor-element-cfbbb84 elementor-widget elementor-widget-spacer\" data-id=\"cfbbb84\" data-element_type=\"widget\" data-e-type=\"widget\" data-widget_type=\"spacer.default\">\n\t\t\t\t<div class=\"elementor-widget-container\">\n\t\t\t\t\t\t\t<div class=\"elementor-spacer\">\n\t\t\t<div class=\"elementor-spacer-inner\"><\/div>\n\t\t<\/div>\n\t\t\t\t\t\t<\/div>\n\t\t\t\t<\/div>\n\t\t\t\t\t<\/div>\n\t\t<\/div>\n\t\t\t\t\t<\/div>\n\t\t<\/section>\n\t\t\t\t<section class=\"elementor-section elementor-top-section elementor-element elementor-element-675a390 elementor-section-boxed elementor-section-height-default elementor-section-height-default\" data-id=\"675a390\" data-element_type=\"section\" data-e-type=\"section\" data-settings=\"{&quot;jet_parallax_layout_list&quot;:[{&quot;jet_parallax_layout_image&quot;:{&quot;url&quot;:&quot;&quot;,&quot;id&quot;:&quot;&quot;,&quot;size&quot;:&quot;&quot;},&quot;_id&quot;:&quot;f1f7c2c&quot;,&quot;jet_parallax_layout_image_tablet&quot;:{&quot;url&quot;:&quot;&quot;,&quot;id&quot;:&quot;&quot;,&quot;size&quot;:&quot;&quot;},&quot;jet_parallax_layout_image_mobile&quot;:{&quot;url&quot;:&quot;&quot;,&quot;id&quot;:&quot;&quot;,&quot;size&quot;:&quot;&quot;},&quot;jet_parallax_layout_speed&quot;:{&quot;unit&quot;:&quot;%&quot;,&quot;size&quot;:50,&quot;sizes&quot;:[]},&quot;jet_parallax_layout_type&quot;:&quot;scroll&quot;,&quot;jet_parallax_layout_direction&quot;:&quot;1&quot;,&quot;jet_parallax_layout_fx_direction&quot;:null,&quot;jet_parallax_layout_z_index&quot;:&quot;&quot;,&quot;jet_parallax_layout_bg_x&quot;:50,&quot;jet_parallax_layout_bg_x_tablet&quot;:&quot;&quot;,&quot;jet_parallax_layout_bg_x_mobile&quot;:&quot;&quot;,&quot;jet_parallax_layout_bg_y&quot;:50,&quot;jet_parallax_layout_bg_y_tablet&quot;:&quot;&quot;,&quot;jet_parallax_layout_bg_y_mobile&quot;:&quot;&quot;,&quot;jet_parallax_layout_bg_size&quot;:&quot;auto&quot;,&quot;jet_parallax_layout_bg_size_tablet&quot;:&quot;&quot;,&quot;jet_parallax_layout_bg_size_mobile&quot;:&quot;&quot;,&quot;jet_parallax_layout_animation_prop&quot;:&quot;transform&quot;,&quot;jet_parallax_layout_on&quot;:[&quot;desktop&quot;,&quot;tablet&quot;]}]}\">\n\t\t\t\t\t\t<div class=\"elementor-container elementor-column-gap-default\">\n\t\t\t\t\t<div class=\"elementor-column elementor-col-100 elementor-top-column elementor-element elementor-element-847d00c\" data-id=\"847d00c\" data-element_type=\"column\" data-e-type=\"column\">\n\t\t\t<div class=\"elementor-widget-wrap elementor-element-populated\">\n\t\t\t\t\t\t<div class=\"elementor-element elementor-element-9425315 elementor-widget elementor-widget-eael-adv-accordion\" data-id=\"9425315\" data-element_type=\"widget\" data-e-type=\"widget\" data-widget_type=\"eael-adv-accordion.default\">\n\t\t\t\t<div class=\"elementor-widget-container\">\n\t\t\t\t\t            <div class=\"eael-adv-accordion\" id=\"eael-adv-accordion-9425315\" data-scroll-on-click=\"no\" data-scroll-speed=\"300\" data-accordion-id=\"9425315\" data-accordion-type=\"accordion\" data-toogle-speed=\"300\">\n            <div class=\"eael-accordion-list\">\n\t\t\t\t\t<div id=\"welche-gesundheitsmanahmen-im-zusammenhang-mit-dem-coronavirus-werden-unternommen\" class=\"elementor-tab-title eael-accordion-header active-default\" tabindex=\"0\" data-tab=\"1\" aria-controls=\"elementor-tab-content-1551\"><span class=\"eael-advanced-accordion-icon-closed\"><i aria-hidden=\"true\" class=\"fa-accordion-icon fas fa-plus\"><\/i><\/span><span class=\"eael-advanced-accordion-icon-opened\"><i aria-hidden=\"true\" class=\"fa-accordion-icon fas fa-minus\"><\/i><\/span><h3 class=\"eael-accordion-tab-title\">Welche Gesundheitsma\u00dfnahmen im Zusammenhang mit dem Coronavirus werden unternommen?<\/h3><i aria-hidden=\"true\" class=\"fa-toggle fas fa-angle-up\"><\/i><\/div><div id=\"elementor-tab-content-1551\" class=\"eael-accordion-content clearfix active-default\" data-tab=\"1\" aria-labelledby=\"welche-gesundheitsmanahmen-im-zusammenhang-mit-dem-coronavirus-werden-unternommen\"><p>Ab dem 11. Mai 2021 sind die Empf\u00e4nge unserer Standorte normal besetzt. Nichtsdestotrotz sind die Schutzma\u00dfnahmen des Bundesamt f\u00fcr Gesundheit zu beachten:<\/p>\n<ul>\n<li>Maximal zwei Kunden zur gleichen Zeit<\/li>\n<li>Abstand einhalten<\/li>\n<li>Verwendung von Desinfektionsgel f\u00fcr die H\u00e4nde<\/li>\n<\/ul>\n<p>Bitte beachten Sie die Hinweise und Kennzeichnungen in unseren Lagerr\u00e4umen in der Schweiz. Wir danken Ihnen f\u00fcr Ihr Verst\u00e4ndnis.<\/p>\n<\/div>\n\t\t\t\t\t<\/div><div class=\"eael-accordion-list\">\n\t\t\t\t\t<div id=\"wie-schliesse-ich-einen-mietvertrag-ab\" class=\"elementor-tab-title eael-accordion-header\" tabindex=\"0\" data-tab=\"2\" aria-controls=\"elementor-tab-content-1552\"><span class=\"eael-advanced-accordion-icon-closed\"><i aria-hidden=\"true\" class=\"fa-accordion-icon fas fa-plus\"><\/i><\/span><span class=\"eael-advanced-accordion-icon-opened\"><i aria-hidden=\"true\" class=\"fa-accordion-icon fas fa-minus\"><\/i><\/span><h3 class=\"eael-accordion-tab-title\">Wie schliesse ich einen Mietvertrag ab?<\/h3><i aria-hidden=\"true\" class=\"fa-toggle fas fa-angle-up\"><\/i><\/div><div id=\"elementor-tab-content-1552\" class=\"eael-accordion-content clearfix\" data-tab=\"2\" aria-labelledby=\"wie-schliesse-ich-einen-mietvertrag-ab\"><p>Nichts einfacher als das! Kommen Sie einfach w\u00e4hrend der \u00d6ffnungszeiten am Depot Ihrer Wahl vorbei. Bringen Sie bitte Ausweispapiere sowie Zahlungsmittel f\u00fcr die <sup>erste<\/sup> Monatsmiete mit. Falls Sie eine Box im Namen eines Unternehmens mieten m\u00f6chten, denken Sie bitte daran, auch eine Kopie der Eintragung im Handelsregister mitzubringen. <\/p>\n<\/div>\n\t\t\t\t\t<\/div><div class=\"eael-accordion-list\">\n\t\t\t\t\t<div id=\"welche-zahlungsbedingungen-bestehen-bei-der-box\" class=\"elementor-tab-title eael-accordion-header\" tabindex=\"0\" data-tab=\"3\" aria-controls=\"elementor-tab-content-1553\"><span class=\"eael-advanced-accordion-icon-closed\"><i aria-hidden=\"true\" class=\"fa-accordion-icon fas fa-plus\"><\/i><\/span><span class=\"eael-advanced-accordion-icon-opened\"><i aria-hidden=\"true\" class=\"fa-accordion-icon fas fa-minus\"><\/i><\/span><h3 class=\"eael-accordion-tab-title\">Welche Zahlungsbedingungen bestehen bei der Box?<\/h3><i aria-hidden=\"true\" class=\"fa-toggle fas fa-angle-up\"><\/i><\/div><div id=\"elementor-tab-content-1553\" class=\"eael-accordion-content clearfix\" data-tab=\"3\" aria-labelledby=\"welche-zahlungsbedingungen-bestehen-bei-der-box\"><p>Der <sup>1.<\/sup> Monat wird am Tag bezahlt, an dem Sie die Box mieten. In den Folgemonaten erhalten Sie jeweils um den 25. des Vormonats eine Rechnung, zahlbar am <sup>1.<\/sup> des Folgemonats. Zum Beispiel: Sie erhalten die Rechnung f\u00fcr den M\u00e4rz am 25. Februar. Diese m\u00fcssen Sie sp\u00e4testens bis zum <sup>1.<\/sup> M\u00e4rz bezahlen.<\/p>\n<\/div>\n\t\t\t\t\t<\/div><div class=\"eael-accordion-list\">\n\t\t\t\t\t<div id=\"wie-ndere-ich-eine-postadresse\" class=\"elementor-tab-title eael-accordion-header\" tabindex=\"0\" data-tab=\"4\" aria-controls=\"elementor-tab-content-1554\"><span class=\"eael-advanced-accordion-icon-closed\"><i aria-hidden=\"true\" class=\"fa-accordion-icon fas fa-plus\"><\/i><\/span><span class=\"eael-advanced-accordion-icon-opened\"><i aria-hidden=\"true\" class=\"fa-accordion-icon fas fa-minus\"><\/i><\/span><h3 class=\"eael-accordion-tab-title\">Wie \u00e4ndere ich eine Postadresse?<\/h3><i aria-hidden=\"true\" class=\"fa-toggle fas fa-angle-up\"><\/i><\/div><div id=\"elementor-tab-content-1554\" class=\"eael-accordion-content clearfix\" data-tab=\"4\" aria-labelledby=\"wie-ndere-ich-eine-postadresse\"><p>Schreiben Sie uns eine E-Mail oder rufen Sie uns w\u00e4hrend der \u00d6ffnungszeiten an. Wir \u00e4ndern Ihre Adresse sofort!<\/p>\n<\/div>\n\t\t\t\t\t<\/div><div class=\"eael-accordion-list\">\n\t\t\t\t\t<div id=\"wie-kndige-ich-meinen-mietvertrag\" class=\"elementor-tab-title eael-accordion-header\" tabindex=\"0\" data-tab=\"5\" aria-controls=\"elementor-tab-content-1555\"><span class=\"eael-advanced-accordion-icon-closed\"><i aria-hidden=\"true\" class=\"fa-accordion-icon fas fa-plus\"><\/i><\/span><span class=\"eael-advanced-accordion-icon-opened\"><i aria-hidden=\"true\" class=\"fa-accordion-icon fas fa-minus\"><\/i><\/span><h3 class=\"eael-accordion-tab-title\">Wie k\u00fcndige ich meinen Mietvertrag?<\/h3><i aria-hidden=\"true\" class=\"fa-toggle fas fa-angle-up\"><\/i><\/div><div id=\"elementor-tab-content-1555\" class=\"eael-accordion-content clearfix\" data-tab=\"5\" aria-labelledby=\"wie-kndige-ich-meinen-mietvertrag\"><p>Es ist ganz einfach: einfach tun oder per E-Mail an ( <a href=\"mailto:info@easystock.ch\">info@easystock.ch<\/a> ) oder direkt auf dieser Seite unter <strong>Services<\/strong> erhalten Sie nach Erhalt eine Best\u00e4tigungs-E-Mail. F\u00fcr eine allf\u00e4llige Vertragsk\u00fcndigung ist eine K\u00fcndigungsfrist von 15 Tagen zum Ende des laufenden Monats einzuplanen.<\/p>\n<p>Beispiel: Ein am 15. M\u00e4rz gestellter K\u00fcndigungsantrag wird am 31. M\u00e4rz wirksam, w\u00e4hrend ein am 20. M\u00e4rz gestellter Antrag am 30. April wirksam wird.<\/p>\n<\/div>\n\t\t\t\t\t<\/div><div class=\"eael-accordion-list\">\n\t\t\t\t\t<div id=\"habe-ich-jederzeit-zugang-zu-meiner-box\" class=\"elementor-tab-title eael-accordion-header\" tabindex=\"0\" data-tab=\"6\" aria-controls=\"elementor-tab-content-1556\"><span class=\"eael-advanced-accordion-icon-closed\"><i aria-hidden=\"true\" class=\"fa-accordion-icon fas fa-plus\"><\/i><\/span><span class=\"eael-advanced-accordion-icon-opened\"><i aria-hidden=\"true\" class=\"fa-accordion-icon fas fa-minus\"><\/i><\/span><h3 class=\"eael-accordion-tab-title\">Habe ich jederzeit Zugang zu meiner Box?<\/h3><i aria-hidden=\"true\" class=\"fa-toggle fas fa-angle-up\"><\/i><\/div><div id=\"elementor-tab-content-1556\" class=\"eael-accordion-content clearfix\" data-tab=\"6\" aria-labelledby=\"habe-ich-jederzeit-zugang-zu-meiner-box\"><p>Sie haben 7 Tage die Woche, zwischen 6:00 Uhr und 22:00 Uhr Zugriff auf Ihre Box. Auf Wunsch gew\u00e4hren wir Ihnen eine erweiterte Erreichbarkeit entsprechend den unterschiedlichen Repositories.<\/p>\n<\/div>\n\t\t\t\t\t<\/div><div class=\"eael-accordion-list\">\n\t\t\t\t\t<div id=\"wie-miete-ich-eine-zustzliche-box\" class=\"elementor-tab-title eael-accordion-header\" tabindex=\"0\" data-tab=\"7\" aria-controls=\"elementor-tab-content-1557\"><span class=\"eael-advanced-accordion-icon-closed\"><i aria-hidden=\"true\" class=\"fa-accordion-icon fas fa-plus\"><\/i><\/span><span class=\"eael-advanced-accordion-icon-opened\"><i aria-hidden=\"true\" class=\"fa-accordion-icon fas fa-minus\"><\/i><\/span><h3 class=\"eael-accordion-tab-title\">Wie miete ich eine zus\u00e4tzliche Box?<\/h3><i aria-hidden=\"true\" class=\"fa-toggle fas fa-angle-up\"><\/i><\/div><div id=\"elementor-tab-content-1557\" class=\"eael-accordion-content clearfix\" data-tab=\"7\" aria-labelledby=\"wie-miete-ich-eine-zustzliche-box\"><p>Nach dem gleichen Prinzip wie bei der <sup>1<\/sup>. Box, nur dass sie dieses mal keinen<br \/>Identit\u00e4tsnachweis und keine Kopie des Handelsregisters vorlegen m\u00fcssen.<\/p>\n<\/div>\n\t\t\t\t\t<\/div><div class=\"eael-accordion-list\">\n\t\t\t\t\t<div id=\"kann-ich-die-box-wechseln\" class=\"elementor-tab-title eael-accordion-header\" tabindex=\"0\" data-tab=\"8\" aria-controls=\"elementor-tab-content-1558\"><span class=\"eael-advanced-accordion-icon-closed\"><i aria-hidden=\"true\" class=\"fa-accordion-icon fas fa-plus\"><\/i><\/span><span class=\"eael-advanced-accordion-icon-opened\"><i aria-hidden=\"true\" class=\"fa-accordion-icon fas fa-minus\"><\/i><\/span><h3 class=\"eael-accordion-tab-title\">Kann ich die Box wechseln?<\/h3><i aria-hidden=\"true\" class=\"fa-toggle fas fa-angle-up\"><\/i><\/div><div id=\"elementor-tab-content-1558\" class=\"eael-accordion-content clearfix\" data-tab=\"8\" aria-labelledby=\"kann-ich-die-box-wechseln\"><p>Ja, Sie k\u00f6nnen die Boxen am 15. oder 30. eines jeden Monats wechseln. Gehen Sie einfach w\u00e4hrend der \u00d6ffnungszeiten in Ihr Depot und informieren Sie den Mitarbeiter oder die Mitarbeiterin vor Ort. Er oder sie wird gemeinsam mit Ihnen die \u00c4nderungen vornehmen.<\/p>\n<\/div>\n\t\t\t\t\t<\/div><div class=\"eael-accordion-list\">\n\t\t\t\t\t<div id=\"wann-und-wie-kann-ich-easystock-kontaktieren\" class=\"elementor-tab-title eael-accordion-header\" tabindex=\"0\" data-tab=\"9\" aria-controls=\"elementor-tab-content-1559\"><span class=\"eael-advanced-accordion-icon-closed\"><i aria-hidden=\"true\" class=\"fa-accordion-icon fas fa-plus\"><\/i><\/span><span class=\"eael-advanced-accordion-icon-opened\"><i aria-hidden=\"true\" class=\"fa-accordion-icon fas fa-minus\"><\/i><\/span><h3 class=\"eael-accordion-tab-title\">Wann und wie kann ich easystock kontaktieren?<\/h3><i aria-hidden=\"true\" class=\"fa-toggle fas fa-angle-up\"><\/i><\/div><div id=\"elementor-tab-content-1559\" class=\"eael-accordion-content clearfix\" data-tab=\"9\" aria-labelledby=\"wann-und-wie-kann-ich-easystock-kontaktieren\"><p>Sie k\u00f6nnen uns jederzeit per E-Mail und w\u00e4hrend der \u00d6ffnungszeiten auch per Telefon erreichen. Wir werden Ihre Anfrage so schnell wie m\u00f6glich beantworten. <\/p>\n<p>Bei Notf\u00e4llen au\u00dferhalb der \u00d6ffnungszeiten hinterlassen Sie bitte eine Nachricht auf dem Anrufbeantworter.<\/p>\n<p>F\u00fcr die Westschweiz:<\/p>\n<ul>\n<li>021 802 50 52<\/li>\n<li><a href=\"mailto:info@easystock.ch\">info@easystock.ch<\/a><\/li>\n<\/ul>\n<p>F\u00fcr die Deutschschweiz:<\/p>\n<ul>\n<li>044 803 40 40<\/li>\n<li><a href=\"mailto:spreitenbach@easystock.ch\">spreitenbach@easystock.ch<\/a><\/li>\n<\/ul>\n<\/div>\n\t\t\t\t\t<\/div><div class=\"eael-accordion-list\">\n\t\t\t\t\t<div id=\"wie-finde-ich-die-perfekte-boxgre\" class=\"elementor-tab-title eael-accordion-header\" tabindex=\"0\" data-tab=\"10\" aria-controls=\"elementor-tab-content-15510\"><span class=\"eael-advanced-accordion-icon-closed\"><i aria-hidden=\"true\" class=\"fa-accordion-icon fas fa-plus\"><\/i><\/span><span class=\"eael-advanced-accordion-icon-opened\"><i aria-hidden=\"true\" class=\"fa-accordion-icon fas fa-minus\"><\/i><\/span><h3 class=\"eael-accordion-tab-title\">Wie finde ich die perfekte Boxgr\u00f6\u00dfe?<\/h3><i aria-hidden=\"true\" class=\"fa-toggle fas fa-angle-up\"><\/i><\/div><div id=\"elementor-tab-content-15510\" class=\"eael-accordion-content clearfix\" data-tab=\"10\" aria-labelledby=\"wie-finde-ich-die-perfekte-boxgre\"><p>Sie wissen nicht, welche Boxgr\u00f6\u00dfe die richtige f\u00fcr Sie ist? Besonders einfach und schnell finden Sie die Antwort darauf mit unserem <a href=\"\/calculez-votre-volume\/\" target=\"_blank\" rel=\"noopener\">Volumenrechner<\/a>. Hiermit k\u00f6nnen Sie die Gr\u00f6\u00dfe ihrer Wunschbox absch\u00e4tzen. Sie k\u00f6nnen uns auch in einem unserer Depots besuchen, wir beraten Sie bei der Wahl Ihrer Box.<\/p>\n<\/div>\n\t\t\t\t\t<\/div><div class=\"eael-accordion-list\">\n\t\t\t\t\t<div id=\"abrechnung\" class=\"elementor-tab-title eael-accordion-header\" tabindex=\"0\" data-tab=\"11\" aria-controls=\"elementor-tab-content-15511\"><span class=\"eael-advanced-accordion-icon-closed\"><i aria-hidden=\"true\" class=\"fa-accordion-icon fas fa-plus\"><\/i><\/span><span class=\"eael-advanced-accordion-icon-opened\"><i aria-hidden=\"true\" class=\"fa-accordion-icon fas fa-minus\"><\/i><\/span><h3 class=\"eael-accordion-tab-title\">Abrechnung<\/h3><i aria-hidden=\"true\" class=\"fa-toggle fas fa-angle-up\"><\/i><\/div><div id=\"elementor-tab-content-15511\" class=\"eael-accordion-content clearfix\" data-tab=\"11\" aria-labelledby=\"abrechnung\"><p>Wir m\u00f6chten unseren Planeten sch\u00fctzen, daher bevorzugen wir den Versand von Rechnungen per E-Mail, aber wenn Sie m\u00f6chten, k\u00f6nnen Ihnen Ihre monatlichen Rechnungen per Post zugesandt werden.<\/p>\n<\/div>\n\t\t\t\t\t<\/div><div class=\"eael-accordion-list\">\n\t\t\t\t\t<div id=\"verbot-zu-speichern\" class=\"elementor-tab-title eael-accordion-header\" tabindex=\"0\" data-tab=\"12\" aria-controls=\"elementor-tab-content-15512\"><span class=\"eael-advanced-accordion-icon-closed\"><i aria-hidden=\"true\" class=\"fa-accordion-icon fas fa-plus\"><\/i><\/span><span class=\"eael-advanced-accordion-icon-opened\"><i aria-hidden=\"true\" class=\"fa-accordion-icon fas fa-minus\"><\/i><\/span><h3 class=\"eael-accordion-tab-title\">Verbot zu speichern<\/h3><i aria-hidden=\"true\" class=\"fa-toggle fas fa-angle-up\"><\/i><\/div><div id=\"elementor-tab-content-15512\" class=\"eael-accordion-content clearfix\" data-tab=\"12\" aria-labelledby=\"verbot-zu-speichern\"><ul>\nDer Speicherplatz darf nur f\u00fcr folgende Zwecke verwendet werden: <\/p>\n<li> Zur Lagerung von Materialien oder G\u00fctern, deren Besitz, Lagerung oder Transport besonderen \u00f6ffentlichen oder privaten Vorschriften oder Anordnungen unterliegt. <\/li>\n<li> Zur Aufbewahrung von Pflanzen oder Tieren. <\/li>\n<li> Zur Aufbewahrung illegaler oder sittenwidriger Materialien oder Waren. <\/li>\n<li> F\u00fcr die Lagerung von verderblichen, geruchsintensiven, gef\u00e4hrlichen, giftigen, brennbaren, explosiven, radioaktiven G\u00fctern oder G\u00fctern, die eine direkte oder indirekte, unmittelbare oder langfristige Bel\u00e4stigung oder Gefahr f\u00fcr ES, seine Mitarbeiter, die Nachbarschaft und die allgemeine \u00d6ffentlichkeit darstellen k\u00f6nnen.\n<li> Zur Lagerung von Abf\u00e4llen aller Art, insbesondere tierischer oder organischer Art.\n<\/li>\n<\/ul>\n<\/div>\n\t\t\t\t\t<\/div><\/div>\t\t\t\t<\/div>\n\t\t\t\t<\/div>\n\t\t\t\t<div class=\"elementor-element elementor-element-3239e0a elementor-widget elementor-widget-spacer\" data-id=\"3239e0a\" data-element_type=\"widget\" data-e-type=\"widget\" data-widget_type=\"spacer.default\">\n\t\t\t\t<div class=\"elementor-widget-container\">\n\t\t\t\t\t\t\t<div class=\"elementor-spacer\">\n\t\t\t<div class=\"elementor-spacer-inner\"><\/div>\n\t\t<\/div>\n\t\t\t\t\t\t<\/div>\n\t\t\t\t<\/div>\n\t\t\t\t\t<\/div>\n\t\t<\/div>\n\t\t\t\t\t<\/div>\n\t\t<\/section>\n\t\t\t\t<\/div>\n\t\t","protected":false},"excerpt":{"rendered":"<p>FAQ Welche Gesundheitsma\u00dfnahmen im Zusammenhang mit dem Coronavirus werden unternommen? Ab dem 11. Mai 2021 sind die Empf\u00e4nge unserer Standorte normal besetzt. Nichtsdestotrotz sind die Schutzma\u00dfnahmen des Bundesamt f\u00fcr Gesundheit zu beachten: Maximal zwei Kunden zur gleichen Zeit Abstand einhalten Verwendung von Desinfektionsgel f\u00fcr die H\u00e4nde Bitte beachten Sie die Hinweise und Kennzeichnungen in unseren [&hellip;]<\/p>\n","protected":false},"author":2,"featured_media":0,"parent":0,"menu_order":12,"comment_status":"closed","ping_status":"closed","template":"elementor_header_footer","meta":{"footnotes":""},"class_list":["post-1879","page","type-page","status-publish","hentry"],"_links":{"self":[{"href":"https:\/\/easystock.ch\/de\/wp-json\/wp\/v2\/pages\/1879","targetHints":{"allow":["GET"]}}],"collection":[{"href":"https:\/\/easystock.ch\/de\/wp-json\/wp\/v2\/pages"}],"about":[{"href":"https:\/\/easystock.ch\/de\/wp-json\/wp\/v2\/types\/page"}],"author":[{"embeddable":true,"href":"https:\/\/easystock.ch\/de\/wp-json\/wp\/v2\/users\/2"}],"replies":[{"embeddable":true,"href":"https:\/\/easystock.ch\/de\/wp-json\/wp\/v2\/comments?post=1879"}],"version-history":[{"count":0,"href":"https:\/\/easystock.ch\/de\/wp-json\/wp\/v2\/pages\/1879\/revisions"}],"wp:attachment":[{"href":"https:\/\/easystock.ch\/de\/wp-json\/wp\/v2\/media?parent=1879"}],"curies":[{"name":"wp","href":"https:\/\/api.w.org\/{rel}","templated":true}]}}