{"id":8273,"date":"2021-05-21T11:57:35","date_gmt":"2021-05-21T11:57:35","guid":{"rendered":"http:\/\/easystock.ch\/datenschutz-bestimmungen\/"},"modified":"2021-06-08T14:35:08","modified_gmt":"2021-06-08T14:35:08","slug":"datenschutz-bestimmungen","status":"publish","type":"page","link":"https:\/\/easystock.ch\/de\/datenschutz-bestimmungen\/","title":{"rendered":"Datenschutz-Bestimmungen"},"content":{"rendered":"\t\t<div data-elementor-type=\"wp-page\" data-elementor-id=\"8273\" class=\"elementor elementor-8273 elementor-8227\" data-elementor-post-type=\"page\">\n\t\t\t\t\t\t<section class=\"elementor-section elementor-top-section elementor-element elementor-element-60fe9bb8 elementor-section-height-min-height elementor-section-boxed elementor-section-height-default elementor-section-items-middle\" data-id=\"60fe9bb8\" data-element_type=\"section\" data-e-type=\"section\" data-settings=\"{&quot;background_background&quot;:&quot;classic&quot;,&quot;jet_parallax_layout_list&quot;:[{&quot;jet_parallax_layout_image&quot;:{&quot;url&quot;:&quot;&quot;,&quot;id&quot;:&quot;&quot;,&quot;size&quot;:&quot;&quot;},&quot;_id&quot;:&quot;16b7082&quot;,&quot;jet_parallax_layout_image_tablet&quot;:{&quot;url&quot;:&quot;&quot;,&quot;id&quot;:&quot;&quot;,&quot;size&quot;:&quot;&quot;},&quot;jet_parallax_layout_image_mobile&quot;:{&quot;url&quot;:&quot;&quot;,&quot;id&quot;:&quot;&quot;,&quot;size&quot;:&quot;&quot;},&quot;jet_parallax_layout_speed&quot;:{&quot;unit&quot;:&quot;%&quot;,&quot;size&quot;:50,&quot;sizes&quot;:[]},&quot;jet_parallax_layout_type&quot;:&quot;scroll&quot;,&quot;jet_parallax_layout_direction&quot;:&quot;1&quot;,&quot;jet_parallax_layout_fx_direction&quot;:null,&quot;jet_parallax_layout_z_index&quot;:&quot;&quot;,&quot;jet_parallax_layout_bg_x&quot;:50,&quot;jet_parallax_layout_bg_x_tablet&quot;:&quot;&quot;,&quot;jet_parallax_layout_bg_x_mobile&quot;:&quot;&quot;,&quot;jet_parallax_layout_bg_y&quot;:50,&quot;jet_parallax_layout_bg_y_tablet&quot;:&quot;&quot;,&quot;jet_parallax_layout_bg_y_mobile&quot;:&quot;&quot;,&quot;jet_parallax_layout_bg_size&quot;:&quot;auto&quot;,&quot;jet_parallax_layout_bg_size_tablet&quot;:&quot;&quot;,&quot;jet_parallax_layout_bg_size_mobile&quot;:&quot;&quot;,&quot;jet_parallax_layout_animation_prop&quot;:&quot;transform&quot;,&quot;jet_parallax_layout_on&quot;:[&quot;desktop&quot;,&quot;tablet&quot;]}]}\">\n\t\t\t\t\t\t\t<div class=\"elementor-background-overlay\"><\/div>\n\t\t\t\t\t\t\t<div class=\"elementor-container elementor-column-gap-default\">\n\t\t\t\t\t<div class=\"elementor-column elementor-col-100 elementor-top-column elementor-element elementor-element-5a05d21\" data-id=\"5a05d21\" data-element_type=\"column\" data-e-type=\"column\">\n\t\t\t<div class=\"elementor-widget-wrap elementor-element-populated\">\n\t\t\t\t\t\t<div class=\"elementor-element elementor-element-316849c7 elementor-widget elementor-widget-heading\" data-id=\"316849c7\" data-element_type=\"widget\" data-e-type=\"widget\" data-widget_type=\"heading.default\">\n\t\t\t\t<div class=\"elementor-widget-container\">\n\t\t\t\t\t<h2 class=\"elementor-heading-title elementor-size-default\">Datenschutz-Bestimmungen<\/h2>\t\t\t\t<\/div>\n\t\t\t\t<\/div>\n\t\t\t\t\t<\/div>\n\t\t<\/div>\n\t\t\t\t\t<\/div>\n\t\t<\/section>\n\t\t\t\t<section class=\"elementor-section elementor-top-section elementor-element elementor-element-55a67bb elementor-section-boxed elementor-section-height-default elementor-section-height-default\" data-id=\"55a67bb\" data-element_type=\"section\" data-e-type=\"section\" data-settings=\"{&quot;jet_parallax_layout_list&quot;:[{&quot;jet_parallax_layout_image&quot;:{&quot;url&quot;:&quot;&quot;,&quot;id&quot;:&quot;&quot;,&quot;size&quot;:&quot;&quot;},&quot;_id&quot;:&quot;908c76a&quot;,&quot;jet_parallax_layout_image_tablet&quot;:{&quot;url&quot;:&quot;&quot;,&quot;id&quot;:&quot;&quot;,&quot;size&quot;:&quot;&quot;},&quot;jet_parallax_layout_image_mobile&quot;:{&quot;url&quot;:&quot;&quot;,&quot;id&quot;:&quot;&quot;,&quot;size&quot;:&quot;&quot;},&quot;jet_parallax_layout_speed&quot;:{&quot;unit&quot;:&quot;%&quot;,&quot;size&quot;:50,&quot;sizes&quot;:[]},&quot;jet_parallax_layout_type&quot;:&quot;scroll&quot;,&quot;jet_parallax_layout_direction&quot;:&quot;1&quot;,&quot;jet_parallax_layout_fx_direction&quot;:null,&quot;jet_parallax_layout_z_index&quot;:&quot;&quot;,&quot;jet_parallax_layout_bg_x&quot;:50,&quot;jet_parallax_layout_bg_x_tablet&quot;:&quot;&quot;,&quot;jet_parallax_layout_bg_x_mobile&quot;:&quot;&quot;,&quot;jet_parallax_layout_bg_y&quot;:50,&quot;jet_parallax_layout_bg_y_tablet&quot;:&quot;&quot;,&quot;jet_parallax_layout_bg_y_mobile&quot;:&quot;&quot;,&quot;jet_parallax_layout_bg_size&quot;:&quot;auto&quot;,&quot;jet_parallax_layout_bg_size_tablet&quot;:&quot;&quot;,&quot;jet_parallax_layout_bg_size_mobile&quot;:&quot;&quot;,&quot;jet_parallax_layout_animation_prop&quot;:&quot;transform&quot;,&quot;jet_parallax_layout_on&quot;:[&quot;desktop&quot;,&quot;tablet&quot;]}]}\">\n\t\t\t\t\t\t<div class=\"elementor-container elementor-column-gap-default\">\n\t\t\t\t\t<div class=\"elementor-column elementor-col-100 elementor-top-column elementor-element elementor-element-350c7c5\" data-id=\"350c7c5\" data-element_type=\"column\" data-e-type=\"column\">\n\t\t\t<div class=\"elementor-widget-wrap elementor-element-populated\">\n\t\t\t\t\t\t<div class=\"elementor-element elementor-element-56b66f9 elementor-widget elementor-widget-spacer\" data-id=\"56b66f9\" data-element_type=\"widget\" data-e-type=\"widget\" data-widget_type=\"spacer.default\">\n\t\t\t\t<div class=\"elementor-widget-container\">\n\t\t\t\t\t\t\t<div class=\"elementor-spacer\">\n\t\t\t<div class=\"elementor-spacer-inner\"><\/div>\n\t\t<\/div>\n\t\t\t\t\t\t<\/div>\n\t\t\t\t<\/div>\n\t\t\t\t<div class=\"elementor-element elementor-element-5224906 elementor-widget elementor-widget-text-editor\" data-id=\"5224906\" data-element_type=\"widget\" data-e-type=\"widget\" data-widget_type=\"text-editor.default\">\n\t\t\t\t<div class=\"elementor-widget-container\">\n\t\t\t\t\t\t\t\t\t<p><strong>Datenschutzrichtlinie <\/strong><\/p>\n<p>Die Marke easystock verpflichtet sich sicherzustellen, dass die Erhebung und Verarbeitung personenbezogener Daten im Einklang mit der Datenschutz-Grundverordnung (RGPD) und dem Datenschutzgesetz erfolgt.<\/p>\n<p>Im Folgenden :<\/p>\n<ul>\n<li>der Begriff &#8220;<em> Sie <\/em>&#8221; oder &#8220;<em> Vos <\/em>&#8221; richtet sich an jede Person, die von der Verarbeitung personenbezogener Daten im Sinne dieser Datenschutzerkl\u00e4rung betroffen ist.<\/li>\n<li>Der Begriff &#8220;<em> Service <\/em>&#8221; bezieht sich auf jeden von easystock angebotenen Service<\/li>\n<\/ul>\n<p><strong>Erhobene personenbezogene Daten<\/strong><\/p>\n<p>easystock beschr\u00e4nkt die Erhebung personenbezogener Daten auf angemessene, relevante und unbedingt erforderliche Daten f\u00fcr die Abwicklung und Verwaltung der Gesch\u00e4ftsbeziehung.<\/p>\n<p>Die Nichtbereitstellung dieser Daten kann je nach Fall dazu f\u00fchren, dass der Vertragsabschluss und\/oder die Bereitstellung der Dienste und\/oder das Angebot von kommerziellen Angeboten nicht m\u00f6glich sind.<\/p>\n<p><strong>Kundendatenverarbeitung<\/strong><\/p>\n<p>easystock verarbeitet Ihre personenbezogenen Daten entweder direkt oder \u00fcber seine Betreiber zu folgenden Zwecken:<\/p>\n<ul>\n<li>Um die Gesch\u00e4ftsbeziehung mit Ihnen oder Ihrem Unternehmen zu verwalten, einschlie\u00dflich insbesondere der Erstellung des Kundenkontos, der Verwaltung des Vertrages und der Abrechnung der Dienste.<\/li>\n<li>Bereitstellung der Dienste und Gew\u00e4hrleistung ihrer Sicherheit durch Versenden von SMS-\/E-Mail-Informationen zu Ereignissen in Bezug auf Ihren Lagerstandort, die Video\u00fcberwachung des Standorts und die Zugriffskontrolle des Standorts.<\/li>\n<li>Erlauben Sie die Verbindung im Rahmen von Collaborative Storage.<\/li>\n<li>Verbesserung der Servicequalit\u00e4t (Fragen Sie \u00fcber unsere Partner nach Ihrer Meinung zu unseren Services, personalisieren Sie das Angebot, bek\u00e4mpfen Sie Betrug, erkennen Sie eventuelle St\u00f6rungen, f\u00fchren Sie statistische Analysen durch m\u00f6glicherweise anonymisierte Daten durch)<\/li>\n<li>Bieten Sie kommerzielle Angebote an, die f\u00fcr Sie von Interesse sein k\u00f6nnten, solange Sie ihnen nicht widersprechen.<\/li>\n<\/ul>\n<p>Diese Verarbeitung basiert auf dem mit Ihnen geschlossenen Vertrag und\/oder auf dem berechtigten Interesse von easystock oder seinen Betreibern, um die Verwaltung und Sicherheit der Dienste zu gew\u00e4hrleisten und deren kommerzielle Entwicklung zu erm\u00f6glichen, und\/oder auf den gesetzlichen Verpflichtungen von easystock oder deren Betreiber.<\/p>\n<p><strong>Verarbeitung von Interessentendaten<\/strong><\/p>\n<p>easystock verarbeitet Ihre personenbezogenen Daten zu folgenden Zwecken:<\/p>\n<ul>\n<li>Erstellen Sie Angebote, auf Ihre Anfrage.<\/li>\n<li>Verbesserung der Servicequalit\u00e4t (Fragen Sie \u00fcber unsere Partner nach Ihrer Meinung zu unseren Services, personalisieren Sie das Angebot, bek\u00e4mpfen Sie Betrug, erkennen Sie eventuelle St\u00f6rungen, f\u00fchren Sie statistische Analysen durch m\u00f6glicherweise anonymisierte Daten durch)<\/li>\n<li>Ihnen kommerzielle Angebote bereitzustellen, die f\u00fcr Sie von Interesse sein k\u00f6nnten.<\/li>\n<\/ul>\n<p>Diese Verarbeitung basiert auf Ihrer Zustimmung, wobei angegeben ist, dass Sie den Erhalt von Angeboten zur kommerziellen Prospektion jederzeit ablehnen k\u00f6nnen.<\/p>\n<p><strong>Aufzeichnung von Telefongespr\u00e4chen mit dem Callcenter<\/strong><\/p>\n<p>Ihre Gespr\u00e4che mit den Callcenter-Betreibern werden aufgrund des berechtigten Interesses von easystock aufgezeichnet, um eine bessere Nachvollziehbarkeit der Beziehungen von easystock zu seinen Kunden oder Interessenten zu gew\u00e4hrleisten. Anrufer werden vor Gespr\u00e4chsbeginn \u00fcber diese Aufzeichnung informiert.<\/p>\n<p><strong>Daten\u00fcbertragung<\/strong><\/p>\n<p>Ihre personenbezogenen Daten werden haupts\u00e4chlich von easystock und seinen Betreibern verwendet. Sie werden an unsere Partner nur zwecks Sicherstellung der ordnungsgem\u00e4\u00dfen Ausf\u00fchrung des Dienstes und der \u00dcberwachung der daraus resultierenden Gesch\u00e4ftsbeziehung \u00fcbermittelt, insbesondere:<\/p>\n<ul>\n<li>An easystock-Partner f\u00fcr die Verwaltung von Zahlungen per Bankkarte und Lastschrift;<\/li>\n<li>an Dienstleister, die an der \u00dcberwachung der Gesch\u00e4ftsbeziehung und der Marketingkommunikation beteiligt sind.<\/li>\n<\/ul>\n<p><strong>Erhaltung<\/strong><\/p>\n<p>Ihre personenbezogenen Daten werden in Frankreich f\u00fcr einen dem Zweck der jeweiligen Verarbeitung angepassten Zeitraum aufbewahrt. Im Allgemeinen werden Interessentendaten f\u00fcr einen Zeitraum von maximal zwei Jahren nach dem letzten Kontakt mit; Kundendaten werden f\u00fcr die Dauer des Vertrages und maximal zehn Jahre nach Vertragsende aufbewahrt. Ausnahmsweise k\u00f6nnen diese Daten l\u00e4nger aufbewahrt werden, um ggf. Beschwerden und Streitigkeiten zu bearbeiten sowie gesetzliche und\/oder beh\u00f6rdliche Verpflichtungen zu erf\u00fcllen.<\/p>\n<p><strong>Deine Rechte<\/strong><\/p>\n<p>Sie haben das Recht, Zugang zu Ihren personenbezogenen Daten und die Berichtigung unrichtiger Daten zu verlangen. Sie k\u00f6nnen die L\u00f6schung der Daten und die Einschr\u00e4nkung der Verarbeitung verlangen sowie der Verarbeitung in den gesetzlich vorgesehenen F\u00e4llen und Grenzen widersprechen. Sie haben das Recht auf \u00dcbertragbarkeit personenbezogener Daten, die Sie easystock oder seinen Betreibern zur Verf\u00fcgung gestellt haben, unter den Bedingungen des geltenden Rechts. Sie haben auch das Recht, Richtlinien f\u00fcr die Aufbewahrung, L\u00f6schung und Mitteilung Ihrer von easystock verarbeiteten personenbezogenen Daten nach Ihrem Tod in \u00dcbereinstimmung mit den geltenden Gesetzen und Vorschriften festzulegen.<\/p>\n<p>Wenn die Verarbeitung auf Ihrer Einwilligung beruht, k\u00f6nnen Sie diese jederzeit widerrufen.<\/p>\n<p><strong>Kontakte<\/strong><\/p>\n<p>Sie k\u00f6nnen Ihre Rechte \u00fcber die easystock-Site aus\u00fcben (<a href=\"https:\/\/easystock.ch\/fr\/contacts\/\">https:\/\/easystock.ch\/fr\/contacts\/<\/a>)oder indem Sie einen unterschriebenen Brief zusammen mit einer Kopie eines Ausweises an die Adresse Ihres Lagerzentrums oder an die folgende Adresse senden:<br \/>\neasystock<\/p>\n<p>Datenschutzbeauftragter (DSB)<\/p>\n<p>Route de Pr\u00e9verenges 2<\/p>\n<p>1026 Denges<\/p>\n<p>Ihre Anfrage wird so schnell wie m\u00f6glich bearbeitet, vorbehaltlich des Nachweises Ihrer Identit\u00e4t durch Anh\u00e4ngen einer Kopie Ihres amtlichen Personalausweises an Ihre E-Mail oder Ihren Brief.<\/p>\n\t\t\t\t\t\t\t\t<\/div>\n\t\t\t\t<\/div>\n\t\t\t\t<div class=\"elementor-element elementor-element-252ab4a elementor-widget elementor-widget-spacer\" data-id=\"252ab4a\" data-element_type=\"widget\" data-e-type=\"widget\" data-widget_type=\"spacer.default\">\n\t\t\t\t<div class=\"elementor-widget-container\">\n\t\t\t\t\t\t\t<div class=\"elementor-spacer\">\n\t\t\t<div class=\"elementor-spacer-inner\"><\/div>\n\t\t<\/div>\n\t\t\t\t\t\t<\/div>\n\t\t\t\t<\/div>\n\t\t\t\t\t<\/div>\n\t\t<\/div>\n\t\t\t\t\t<\/div>\n\t\t<\/section>\n\t\t\t\t<\/div>\n\t\t","protected":false},"excerpt":{"rendered":"<p>Datenschutz-Bestimmungen Datenschutzrichtlinie Die Marke easystock verpflichtet sich sicherzustellen, dass die Erhebung und Verarbeitung personenbezogener Daten im Einklang mit der Datenschutz-Grundverordnung (RGPD) und dem Datenschutzgesetz erfolgt. Im Folgenden : der Begriff &#8220; Sie &#8221; oder &#8220; Vos &#8221; richtet sich an jede Person, die von der Verarbeitung personenbezogener Daten im Sinne dieser Datenschutzerkl\u00e4rung betroffen ist. Der [&hellip;]<\/p>\n","protected":false},"author":2,"featured_media":0,"parent":0,"menu_order":0,"comment_status":"closed","ping_status":"closed","template":"elementor_header_footer","meta":{"footnotes":""},"class_list":["post-8273","page","type-page","status-publish","hentry"],"_links":{"self":[{"href":"https:\/\/easystock.ch\/de\/wp-json\/wp\/v2\/pages\/8273","targetHints":{"allow":["GET"]}}],"collection":[{"href":"https:\/\/easystock.ch\/de\/wp-json\/wp\/v2\/pages"}],"about":[{"href":"https:\/\/easystock.ch\/de\/wp-json\/wp\/v2\/types\/page"}],"author":[{"embeddable":true,"href":"https:\/\/easystock.ch\/de\/wp-json\/wp\/v2\/users\/2"}],"replies":[{"embeddable":true,"href":"https:\/\/easystock.ch\/de\/wp-json\/wp\/v2\/comments?post=8273"}],"version-history":[{"count":0,"href":"https:\/\/easystock.ch\/de\/wp-json\/wp\/v2\/pages\/8273\/revisions"}],"wp:attachment":[{"href":"https:\/\/easystock.ch\/de\/wp-json\/wp\/v2\/media?parent=8273"}],"curies":[{"name":"wp","href":"https:\/\/api.w.org\/{rel}","templated":true}]}}