{"id":2806,"date":"2021-05-07T15:45:43","date_gmt":"2021-05-07T15:45:43","guid":{"rendered":"http:\/\/easystock.ch\/?post_type=product&#038;p=2806"},"modified":"2021-05-31T12:08:20","modified_gmt":"2021-05-31T12:08:20","slug":"box-extra-large-dentreposage","status":"publish","type":"product","link":"https:\/\/easystock.ch\/de\/produit\/box-extra-large-dentreposage\/","title":{"rendered":"Box extra large"},"content":{"rendered":"<pre id=\"tw-target-text\" class=\"tw-data-text tw-text-large XcVN5d tw-ta\" dir=\"ltr\" data-placeholder=\"Traduction\"><span class=\"Y2IQFc\" lang=\"de\">3 Zimmerwohnung\r\nPers\u00f6nlichen Gebrauch\r\nBewahren Sie Ihre Kisten, St\u00fchle, B\u00fccherregale, Schr\u00e4nke, M\u00f6belbetten und Kleinm\u00f6bel auf\r\n\r\nFirma mit 3 B\u00fcros\r\nProfessionelle Verwendung\r\nBewahren Sie Ihre St\u00fchle, Aktenschr\u00e4nke, Kisten, Kleinm\u00f6bel, Schr\u00e4nke, Schreibtische und B\u00fcrozubeh\u00f6r auf<\/span><\/pre>\n","protected":false},"excerpt":{"rendered":"<p>3 Zimmerwohnung Pers\u00f6nlichen Gebrauch Bewahren Sie Ihre Kisten, St\u00fchle, B\u00fccherregale, Schr\u00e4nke, M\u00f6belbetten und Kleinm\u00f6bel auf Firma mit 3 B\u00fcros Professionelle Verwendung Bewahren Sie Ihre St\u00fchle, Aktenschr\u00e4nke, Kisten, Kleinm\u00f6bel, Schr\u00e4nke, Schreibtische und B\u00fcrozubeh\u00f6r auf<\/p>\n","protected":false},"featured_media":5066,"comment_status":"open","ping_status":"closed","template":"","meta":[],"product_brand":[],"product_cat":[51],"product_tag":[],"class_list":{"0":"post-2806","1":"product","2":"type-product","3":"status-publish","4":"has-post-thumbnail","6":"product_cat-nicht-kategorisiert","8":"first","9":"instock","10":"taxable","11":"shipping-taxable","12":"purchasable","13":"product-type-simple"},"_links":{"self":[{"href":"https:\/\/easystock.ch\/de\/wp-json\/wp\/v2\/product\/2806","targetHints":{"allow":["GET"]}}],"collection":[{"href":"https:\/\/easystock.ch\/de\/wp-json\/wp\/v2\/product"}],"about":[{"href":"https:\/\/easystock.ch\/de\/wp-json\/wp\/v2\/types\/product"}],"replies":[{"embeddable":true,"href":"https:\/\/easystock.ch\/de\/wp-json\/wp\/v2\/comments?post=2806"}],"wp:featuredmedia":[{"embeddable":true,"href":"https:\/\/easystock.ch\/de\/wp-json\/wp\/v2\/media\/5066"}],"wp:attachment":[{"href":"https:\/\/easystock.ch\/de\/wp-json\/wp\/v2\/media?parent=2806"}],"wp:term":[{"taxonomy":"product_brand","embeddable":true,"href":"https:\/\/easystock.ch\/de\/wp-json\/wp\/v2\/product_brand?post=2806"},{"taxonomy":"product_cat","embeddable":true,"href":"https:\/\/easystock.ch\/de\/wp-json\/wp\/v2\/product_cat?post=2806"},{"taxonomy":"product_tag","embeddable":true,"href":"https:\/\/easystock.ch\/de\/wp-json\/wp\/v2\/product_tag?post=2806"}],"curies":[{"name":"wp","href":"https:\/\/api.w.org\/{rel}","templated":true}]}}