{"id":2805,"date":"2021-05-07T15:45:43","date_gmt":"2021-05-07T15:45:43","guid":{"rendered":"http:\/\/easystock.ch\/?post_type=product&#038;p=2805"},"modified":"2024-03-04T12:01:47","modified_gmt":"2024-03-04T12:01:47","slug":"box-extra-large-dentreposage","status":"publish","type":"product","link":"https:\/\/easystock.ch\/en\/produit\/box-extra-large-dentreposage\/","title":{"rendered":"Box extra large"},"content":{"rendered":"<p><!--(figmeta)eyJmaWxlS2V5IjoiYUZQU0oxQUdzWjNIOFdhRGVIaVhodiIsInBhc3RlSUQiOjgxOTg4ODE2LCJkYXRhVHlwZSI6InNjZW5lIn0K(\/figmeta)--><!--(figma)ZmlnLWtpd2kEAAAAkyIAALV7e5gkS1VnRFZVP6Zn5r4vF0REREREvS\/uvSAi2VlZXTldVZk3M6t75ooU2VXZ3XmnuqqsrO6ZviIiy7Iui4gIyCKy6LKK6CoqvnZRkXXV3VV8IyK+EN1d13Vfruv6\/v0i8lXTc\/38x\/m+qThx4sSJEyfOOXEiIvutshunaXQQh6ezWIhbLrlObxCEph8K\/Ou5TXtgtc3elh2gKvuB7VfqhqK2e03AtcDZ6pkdQPUgvNKxATQUMAhs8lpRtIrzINh2vIFvd1yTPVd7bui0rgyCttvvNAd9b8s3m+y\/loGDpttjfT2v+3bLt4M2UOcCy+7ZA6C99uDRvu1fAXKjivRtr0Pk+abTaqG8YHUcuxcONn2MbpkBZbtoXk9STOcyYEFiaQ6HUAtQvm02B25PsRCqsus7IaWRveko9g6jNAaZhabQ5mxA1HV3FCh3k8komRz4x2PS9NzeY7bvokG4TdVODlrvd6LRBko0XavfhXwApWX2dswAkLHlu30PQK3lm13S1Tddt2ObvYHr2b4ZOm4PyMaObYWuD2iFeka52nEU2zW703G8gOC6DyIsoFqhc7691e+Y\/sBzO1e2FJMNDNVr2k0orqQ7H9qXKdKFoONYRFwMrnQ3Xa72LU4Pg\/UU9tYgdKxtquq2oG169mDXCduDrO\/tltvrgacS8I7gMJrFu8niMIyvL7QO1oJH+6Zvo1WU4sqmY3ZdZWFG6DtKIJgIqrWi2nR3KXn9ZpI3PNM3Ox3YGsyhO\/CdrTaFWVlGd+wWsaub43gy6mJVIKFnBsEgbIPpFi0NvuB3lX3Lpulv2xzR6PY7oaPtq0ZVQ5ObfZ9NdcvtuEWt0eG4qs9KAFtRkFoc9Gi6zS0b9TXdJa+uw4r8jkne5wK3FQ4UD9Q22qbfLGrKrm3f1itwwb5sdfqBtoeL7T5xtwRm2C+M5FY1CoDbOv2u03MDJ+QQt3tRMskWYjVwOw41LqCcpvIWLSowskCxVPqAdQIkCkqnNQFXK3Agytav7nRNNbMGPOSSA2DFOULkCYbRONZKR+jw7dBS+m45nJ5sOR01SOio9azZ+\/vxMBO07sCifAQOEyaARtH0Xa+sypYL+8YC9pqDzU6fchmbprW9jKrRAi3lxisu7MPRUUz0PbgWStlxdxUAEUItQwBD6Aws06Nz1svaoOX6lnL9Bpk24+F0Hi2S6QR9cgfHyFhWqBOwxHSdbbs0MqN3fLQXz\/uTZJGij29yGsJzLtudAICERAht1IthTSfpYl5ZNCwm8ILtSlzZNRnPDIyRqbQWWKaaQL0Fjs2B7tHIKop6JVjMp1djc5wcTNChYCbg5Y4KytLthxloaGIrmmH4fH6YilptWXizYfq+u6tMiJOo6ar9aN\/pIGbCDYGsZ2Yy4HJnGszdu0Blwl2aJpStizCsRNu0d2zykPnQxuZ0Oo6jiTuLc\/XX+z1t\/pgIugWIEIBl0N8MfVPBxmXlFcoa1PTb03nyxHSyiMbongWIinZhKcr\/jEt9RL2WoyQse+\/E80UCwybO9dBU6brphqHbBWR0p8dpbB3P0+kc\/t+0WyYCChqE5bsB7NjxAUv7ik3DxuKjZmD3VUN5JqaCAGPBgFCveyqoNFBYTgfQSpdhil1Wd+Ax03k3mc85TmGKSr0opQLgvYgqdm8rpK0YzSg91E5pWAjGQInSkqRyXG14da+3BZS45NksZbDDwvCa3G1r9vXZdL640Vhr2AsQDpEJZBYpcsSu01TjyxzRtnNFd6LT6fFia56MNJO6tt+KYksBDW3OtbKPFy0W8XyCJlA5njJFxDcV56RatuPF1I\/T5AmwLlSkxFGaKeSQBQT7Px3HQZxNCqr3AzeLHqFtcoWlBevQa42UBQlKz2K0rYV213N9U6Ur9ZwNtLSICxWdCcIAZR5CMXQ0vKrXpxC2jfD1GNSmJJDYPbAbK1hTK7sE+Rm1aV1pImt6DCHmGW3jSWkLTdfMfsicBrNA90vH6SLZP0X1SXt6pmUP4LI6p6qpboHWuopEQCKHCpzH7EHowvnVvJcQMBIsitP1kIygxhbQMCJOYOjwd63BRq4X+IntY10GTGdRl31faYV7Acqa1XFVrlF3OPWowuK82xvA+hWZMFtgMwidro0QiLrsusiHB2qehoZ1Qw292ty9Add1AzYkkjV0TeUvK6DyMC8aYh4915q+Se9ZR9u2fSXvdg7VHVdnXhvhPJqkSSnj0xCake6EA0QyBOlsmxdNJ4AF7dgAZQtJM0oD2Ruy55bvFhlPrYLKI1q9gtOxq1HBFMFrxesHbY3LmK2WmJzXWonSrNZLRMHpHBNmjcs4bZSYnNP5EqU5XSgRBaeLWlAsA4hyZrcsIXN+ty5hNcvblnAF19vVSBk2Y3pHFZfzvLOK1CzvqqIKjnfDjR1rwDbUnoIMAqciswfvVkeLe5AjusgpSsxT7SjFSUKv+BoOUlZ\/07HQIMg6r0jkc5WqwS1Xp2PoQWsvmuqkW8I0dN8l3IqOXkV9NRjOp+NxM5lrPwOfzHD\/jtiDSas4ofvCSRd0sXgEx1\/EaLcve4iv2u8tcOB+rGpyq48AKI0UJzEMBnhVyPEUm6oC4e9jbGeyPhfrQh7gx9jDTy3CT13veOh8HTV5ih\/DBwrUJeIafmqH+KkrTsFiOkOHIWGxI+Rsqr0MBEY3WsyT60KuHN17L+ry6N77UBhH996PonZ0H5H1o\/uIbBzdR+SKF80Ry53JKEY\/4+A4GYmwwnQjz\/XQeBKNj2P0kccq73uaMFrQUi86ioWs7UdHyfgU9DLlNgHAAJNFOpwnswVqNdLuRPMkQpfjo3ieDFvJwfEcqsXGkB1ZBCzBUdu0dDtNdSwHrIZZ7hrMoiHsbKmvh9zDxXpmW5sMzc0sy78JgxYXlxOsckByh8OlgrFHw8LU+lZ7W9EshX2VXeASKu+XKAZ5xfBs5OAUvQbEoKgxu8NRnmADKEx2C+BKhb+X670qFrI\/\/CIJxMYNQMkTKCVjcQoqBzatrF8in1QxtxVHC6Xg35ce0n40Cet+T5FkUhiWFxBfozQolYAoG9kFwErg9Jgerbp+s4dyzWz5bF9v9lR8ONfrdynSBk55Jsrz2IQ4pQtNXV5s6\/IWnCRY3mqaKm+8zdLl7b6lyjsCXb\/T31Hn0LvomCjvDnbV9clTrGCX5T1YHOKfalldyv20QG\/un9Z21AXJ07M99tNdv0f5nkGloPwMbDlcymc2Q3VA+cxWx+Q8ntXd8rlnflYAW0P5bCSiHP+zW0ioUD6nrcvPaetxnxvq+uc+qsvnebr8PCbXKJ\/faW2y\/vmup8ov8ENVfqGn+9\/rbfeop\/s6CB8o70dJOR\/www7rD6Jk\/QXmpr+D8iFzc4f1h1FS7kd2NJ8X7kAglC\/a7Oxyfb4IJelejJJ0X2xutzmPl1iX1KHhS6yWcoSXWp6qm1bfJ90mdl\/WLQQ3ls2W5m+3cLpE2UJ5P8otlA+gbGNYjuegJP9LbT0fjLZFeTpt9xLtBkmVyod6DvZ2lO4l7+FHUHqXvEfI59FL3gvvRelf8u59EGXQudRlv7DjWqTvY6Phuux07SYP4LsoKcfl7naX+Cu9jsp1Huv1t0OUX4oEhXK9DGWA8st2oHCUL\/eCkPgBSuJf4W\/7rEe+12a55\/c3ue7DAEkaylGo5YjDnkqL97FMXL+DHVxNoDzc0e3Jjp734zvbyl6u7vihj3KM8n6UR0GAyCvEBCXrU5QPoJyhfBDll6N8Aco5yodQpigfRrlAST0do3whypMgQMwW4hpK8ruOkvxOUZLfEyjJ7ytQkt8rUZLfV6Ikv1ehJL+vQkl+r5ZBcD8ZfrW0dpSEryFAlv+IAHm+lgCZ\/mMC5Po6AmT7TwiQ79cQION\/SoCcXw9AifrPCJDzGwiQ89cSIOc3EiDnryNAzm8iQM5fT4Cc30yAnL+BADm\/BYCS+a0EyPltBMj5GwmQ89sJkPM\/J0DO7yBAzt9EgJzfSYCcv5kAOb8LwAPk\/C8IkPO7CZDztxAg528lQM7\/kgA5v4cAOf8rAuT8bQTI+dsJkPN7ATxIzt9BgJzfR4Ccv5MAOX8XAXL+1wTI+bsJkPP3ECDn9xMg5+8lQM7fB+AF5Pz9BMj5AwTI+QcIkPMPEiDnHyJAzj9MgJx\/hAA5\/xsC5PxvCZDzBwE8RM4\/SoCcf4wAOf84AXL+EAFy\/gkC5PxhAuT87wiQ808SIOd\/T4CcfwrAw+T80wTI+WcIkPN\/IEDO\/5EAOf8nAuT8swTI+ecIkPNHCJDzzxMg518A8Ag5\/yIBcv4lAuT8ywTI+VcIkPOvEiDnjxIg518jQM4fI0DOv06AnD8OQIWo3yBAzp8gQM6\/SYCcf4sAOf82AXL+HQLk\/LsEyPmTBMj59wiQ86fkjXcNSK0W2K7F\/ULmKZbBnLIbzWZMcqSxP58eMS1bTPFrbI6ne0LKvdNFnIqa1Jccwqjhjv+Q9QkzMuRfo2gRKdpVZF\/JGGdGi0mjOXocp18h1xYcG+lcehiNptdSgMZhcnCII\/Uh0jskjKN4ESVjQPUYIqfMJZA4nuDIHeOSAvDKIj5Sl1e6afUk2cOpb0h4TV3U6mGzpxthnPuHHXKIxGgeYW7rYn1vTp4TjIzaOSWMMG5Ter5VyCEVgezZmDKRXDDPrp0kabKHpEqKOorsfv2iaKRIuFPxMrkC3pN0fzo\/Ei8Xq4lS+hNiTQHhIZLkCSV\/QqxHE+BwcnDYAsStGoG0DlknlmZV3IZ69UL5dnFuPsU5AySQZCNlA4Dz+0p9FoXNVu2V4sKMc2mpFvEqcTE+mj6eWODi4b4RSlyVtzBB7EKRTRiAMBpX41MxEnIf2E4yidsxNQP2BjHN5CAG3xoyeNR0WjkTdVZ2NWEDySrunTSz88PDiKlzPE9hYrKoqY5Ok8MbKWH3JJ7jOisOIygTriJrY3XHpa5QLkPFuMkeQ5oUm4lsHIxPZ4cpdhG5Mipuo1PsIXJVd9vBgEBBd2sUrZjda6Rc34\/G4z3czrTQkIqRPHeIVZ6D+dXN6XUM8DopN1AD9AdSnm9XGoVR38NF0igVj+FUMx9jSvkRqHaY0yHDa+AhK5NXGKuwS52kXxbyWjJa8GxmsO0KgBqBQsV11sx0iCMWaqv7yTxdWLnOMJkG7KxaX9miIoSxMpweHUUQLPPf8kB2WWj9Qiq49T6mrDSKoc4yj0YnmWusNAutCsOY44iJKUtZcjL0SVTp1KidqEovXlybzq\/mIkxg+dEYg43UiLkgZxeasQvXmJiGpDJTEUoZnB7tTccZ+1RVMG6ISKDgnElKBgbOl3SzgG7QwmzgqlBszjYPi4ahFkrOgEMmgbMQnGArnjA4YJ56LDmtcpZNnP1O6JlHxwvKqxxSUxrLlKhkBmcE0CkmrQT14\/0YB2Yo1VjfT8bxNnwLfpCqRjUjI+vZjhCNce6lCjyImImdIqGR9Tx2N8YJwtf8lHMLp8HxHs\/LeyAjQpxI2sFsOoH56IFWjyf7Y94QT0BT5biWpP28KYazi3UttZX370YprEJPtTbMsZqrnB3vjZP0EMw4LqUNp2EcHXVK6TiIceMgNQd7GE3MxaSpu2DBWRu1aVYnK3c\/uAZJofWMmIuFCLwkwrL2b8535\/6\/F2d19RJUFiTvolnrhzm4sdoL7qQkCK9qL9jfT+MFDLs2j0bJMTeOerkpNFAUm8JKOpvH0QgUqyF3BeWbzmR\/CjtSfDtCjo61IYLI8BDep2xoxifJMH+RyC+leGpRjyPSwjlSnawNhcM9Fe8zUK\/pjn6+S8Das86WtTtQmYq8YRAEN1aQnsI+M4+F1JiiM4Lek\/0EUQIGil6a53ux87nQFSKul4WbkAzw4gtJ1N2DwG1hfrUoCRctBmv5BWMNl2mYR05Zz6oFcSND5PR4A+r11YltNRNgE\/H8YM7Y7JSX3RilmDXvwge4b8aNA24CcSWYPfbJMwz0HIqeOJE6zUH+unyW3IRBIYbSmgxjr0ArLu+HKkuUlRtOL0KConSoqHCjb+7gQkTd+QjcnWbP4zLYVbcwBkt+YqII8NqpLlH164SNrGe+CJDswBlTYaylx\/v7uNKDk6qcQQ1wr8D1H0xeZ48LUUtPDujZPQQzWGodVWSPtNQfht2i5h4vuBFxG0c7ggp0ir3SneDGTopVULSm8yG8jO+WiBRXU6DXMll2tjJmwnBag55tZ5egZmfXvBIAkB21RfP1ClFxQQkfFDLityoGwmHhQbXJ8VEA34OeUoEtNfM35Hepxga0UmxWB8eIMPOstjrM1Lw2Y+DB09hDYn0LQRXrU8sGkQWrYvv2EB+wgNeS8tOWNQFfX9pW8ZaEHSykxLzU0wbCd1wUuAH03W1ijOzLkJrdaukH2TruS1yfUCN7mlvR4Vbxq+wReovUIS7fUrKNId9WSACVY2ZcQswpJSbrggfX8k4QfcotJ7un3owPYXzQD\/gpO+KCYAp4oBrstm34R9vpNAduC0+YbMaVI94i9Mc50pwPizEjvANPDszJARSFBB2hrlI1EjxZzf08KtZ0dO0gOULf43kCeeQoSWfj6FTZ4AYOH7qqTA7SeuPjgyTbk2szVYHe0E2feNDhqp6Wp9r8eBwdT4aHukN9ppC6wxFSejgCQDiBWk2AtSRtxuMYSTfsrG5NIS7Thm7EcwNWJ1\/b7BGQoQuFkcWnLFwBqucRqVHwsCejGTNryB1nIBMNCBNi48zXBrH1SA\/2CzD0ojMA+NTYYy9YQ4Vc+we6gUTTUlUBILbjKt9pNvHYjdcYBAplarhVy1H6Uza51LWbaOEwTAokuXwU4ar0jIIa6wZXh5FhGLuz6e5qf4a9m9nsZbbxd6cncbarTcejbbVCyLdgrK3CEFXahbRzgjUxXp37n8r8wugATvaC2SFyZ7EiDAVo5EMzGH\/+7vAKUatUNcHDC3rlOaH2MI16ZBIp22qw1KgXltFlJQN1w4uQBVxV1rCqIY3+ovK8t5aBuuHF6Fns7utFRTd+8RDhfgHgnAI08iUp49NlnNZQatSXICIXJ8TzRUU3vnQEv0dUgqNPxLq8UKlqAjNSL\/ucHMS+WNZ082a58dgT5q6c3C1nkJrYOkIQR\/utLDWqGatwDiuoxv7bzmI1uc2eTurqnQOUty8hNFGrHN7V2oRi7ziD1MRbOIFUo8id1bomaVfOM3flsG5yYCHRwTyaHdJIsBrr4u4bUJrwUoHNH4nWxVNuxGnSbYY9B14xV0cNEN6zjNFknaMEq9RJUIDkqSiymm7upnDxq3F2Wl4XT6vWNUlvAQcNkcVcxdgg+bRqXZO4h8V3PFgMsFB7+9PF02+G11081DCQiduTiXiG+PRKVRM8qjFWNBPPFM8oKrrR13X1ldKzxGeUNd0cUETFq10IIJ4jnnkTtO4QFi07+TdFzxWfeQapifvEW4gG4m7xrBzWTTusVo6r94jPWsZost29Gz+eerZ49o04TXr5JBu7VCAU+9lnsZr8yn4yHnusp+LVUj6nrOr2x0ANVWkUKT6nitA0X0ofyW4B9sRzy5pufhltuwfXxr3M5+awbvoyNVlue6+V4nl5Rbe9PFZnlxS30vLzMli3DBB\/R8gj1KdTsCnxfPH8G1Ca8BXa34M8wfxBKT9\/GaXpIo5sqhCUwgfFI+ILljGabA9b\/FSnfinulOUXVuqaYqjvEjgJPACIe8uqbh+l3Imwm66K+zJQN8RlGLGyDPD+G1CacJ8LtBVPj+LF\/BSX1vKBKkLTHOglypGkenAZpekO4f\/Z90ovEUlR0Y2Pq3oWQeDFV6t1TTJWKC8aMXsCyVG1rkkm3BkR+NWdxTSv6LZZqhIragcvIeLLy6pun+\/zvqKLQNxMUhXuEZjTM0hNvJjrhZq2ELekwH1pUdUEJ3rhNyGhVmreH9TXlOAWsAh2yoHFpriukJdwD8lvp5riNNUprJKyzHrfIcUTSaqxnr5ZIFtw\/QpARYfq9cUrR\/piRrdwwjyrf2WVfEdnz9j\/X0WPyR7MLaSA00mHxy9OEGN81VIrxL++OI6Qq5YUr1ZXoRkJ5jycxwwWyHeqVF9dpWrDFuBFiBZVktdUSdw51hhBT+IprYIOxtjn49Fj8XyKptdWm3rZpwj6M4h9PLidbcysSxziFvNsawtbCEUXj+NtrtKMIJ+KMW5WKzgvzz0neLWj2WEKH5Ty9RKxL7vAYCYHTwzxiDfDrYC6SwiwIZYJ7xvKhtJslC\/CPb9WIgAinYnGTCMw2zfmt2\/YnfUiKiZfl12XNWOoPplxZKzqmySvJZFGYtudzjrxPlavzA\/gS1+\/ROAzmt5A8eaSYnO6WEyPbsLlG26kuRmjt5REZUvCLGOGxBCpBib31htpQmw+yyRvo7boYphhCltExImwE9C\/vlFq24b96msw+C90pyz\/nRIPmiDNVkUl4O+ReNsscSEWQHTgaSWqWV43fZOMo+IzrB74Qc84K5bfQ3l48hwqoYOj6XTBiz90e7dMJocwKz4ujAMdi7Fc78rRgQqYZcO35g0hfKxEf3uOtlV4KRveWzSorats+I68gftGiX5fjq7I0+IHUBQD7T8ik7Rogk6\/GXXdmGO+RaaElB4+JPGGq6rLdvfj8ji\/04QaqkHpPRInSixK7oN7ePJFT2jS1Yeqy7hbg4FnYek7syUNOEZlOX9S4q230lQGyg9LPP4m6XKM\/G4ZK71RqWaK2xcCwH8PKIPpPhIhSJWxAvr9QPemk\/5shC07Y\/G9mZgwOdjHUFGjVfh4Ph6WOOwGmML3S9wvwRAPk\/EIYjWTE4QGXgx+oGJcHgJePD\/BkxX5YogfIKMJVhGNSr1tpBIlil+ubogfov3raJFdSb5P4koqVUyKm4ufksgcVOSAWOgbglxcwsN0OXyYHMVIK2CjH6xSdiNU8F951I9KVPKWijP8mBzF2LAmqo7zCxYMSQo6fKhyladzN+wM8ifkTY1usyCF4X1YRtnNyc9IPHxDXct7V0clQTuZZTRgARNM9UBJoGb3AYnX8emJkiSPy6rhuyTUkTXwDmQBxjkB1uqn87ZSHKecNEwHAp2hMMsLze+TeHFXe0Im2wYe3hewrz5Wt7Mk9Spe4vW1C2eE13j5s3h+PkC0G7kTN2zpb8tSMZc\/V+D395caPlJZweBwejweBUfYTEz1Gko7\/XmZMqHQ6cVLcXOiquXBIsubsIi\/qJsgnErZy4Zf0g276hmuJX5ZV3WujfqvKHUgqqjLilD8av7UgdXlVcJH87oKOL8GC87CMck3xMfgXBae5cWv53TxaCdT0Ib4eKYgLlRxWfURKX8DbCA+7HIeHM\/oy1mYYmgyuV8y8jKB+IQWN0uz4JCcVEv8ZskgzTg8CYPfksUzpfgzKX5bXo1Pw3lycAAP\/lMpfgfyB3T9LVjCDPS\/W3pkxXBS8UdSflKeTOGi9glm7x3iGZ36+T1YCy6G+08SIT+l5ffmWNH5aSH\/7y+h1fI6eLZPkTL+gW7KZlxpeqn4z1kTA1HWFWLz69f\/oluyVffV2q6L\/7qE1Zs50H8oaepM15hXb8aYAKIPYiYmipfI\/6Z7qVHU8EE83kdu+0dZUtKBKlN4hfzvJMw052Ebh+md7vCyEokelf9JKf9Y0nc6yA3V0n9Kiv+BV9Izj5Bvk+J\/cgO44Q8Jz4v\/xXVmxOSmBs+ANYv\/XeJsBBtg\/k+JgXDZ3vZxKf6kxKveSPpwzP+\/JRb9Ne5P9eh08swz1sX\/KzwDnXEh\/S4p\/6w0DuDgaZMDD\/cBC8gk\/v8yOZ7i3i3ln0u0qoTPnhwftXAgg95hdOIvJHwYnmEtu9NflrJZMHDsAop\/CjeVf5WH0Zu8zb5dir8uu1KBxWXnx6T4Gzm+4bbyE8jxDecmouG5p8O7TolJPOnS4rJzliEhs76gTsWGNDhwsdgGnvbTBcJGQ8i94zHsK4TeYKq8LGf+p9a\/E5\/EY5CorwJ6x+pDarx8aE4TPTvDGANUvf8QF7Y36W1slgPgic5v2r6+su33yop0ek28rwHCU9egoz\/srHVy1rhZ75jqb0BE1ienkQWXHFM+Vyol6iCBGeubXQgFxf+xFIZuSGHdcvkCvuhvK1pjJSn5hEBje8c8C9TSPg71FQ2Vbbx2Na5GtvpNglWj3G7KhGGlkMVULIVxoSTrwVmxhJhUiQtBitTaKDFVKZYS63pJUw5YkeKmmx5f32jIaFds2nzhyjE6b1qDIXMP58ZyQwawfjaTOFcOeCZN29DytrA9sR33zudhevNIE2DD1mnshUJJcIyK4xu1CXwQEsE500rOXD5k4OklW5WmzvBEY9u+sumaPm0SBrrdc3fxCsU\/mMDzk3r9lZc33ct4u7UBG17wIIpasOuEVnvgqc\/O69vlWht8GOLnTXgylFgmhc3G+hNYSxtC6\/3PMPQXPOpwizU1dpL4GvdOWO4wmpxEKRN5nPqQE6X84GeGvHcMlZ2ADroyVL0ZU5e8x67pTluaW139DSRZ6T+DfJ6Qul0x7UyHak2gS6OCxt6i15XfGj12I0drnAyvCsnPWFYhjdI4+gdqbbxcw9KYYPagz\/LmYtGMUCsDiZc2FyHV1xGAshHk4XSRzqaLrGqk16JZBuerVnTWoagx1bWM6u9iMMtNxin9NWurZ902ETlnuHtcOCMc70UDuk7hsEiVEd+gS2MPjhvg+iXm2x6Gy0ZPxWsNhNvCrMuDqzBarr+bGZdv42k9oBVJXAioYOmh957a3nEwxwgreLbSg70Or8ST+FpRMc7I2KSMNUD5bIDBXJK0rSmdSS++dsMUMKlRIdzXGIg2SwJ4fPCCdfNzeAfP\/Upsc9P1NSgtt9t1Ql0xlrtux6f73ADhgzPF5Q2YAHR+AAF4RWEsEHHSRXQ0QyV7DM5SM3TZW55VrlgHe8t1GJuRKvrClPDqqsfWx0jYAW6tFrlStUDi9RDgLDqAHnBn8kZoVDPNhEjFmwxZqwpZVxaOc0bpKw3wWHQxIT7oGnKB2EQH3mFs78aLCMLAKPOtH4fUaDyGLYGkjziHzhBAGHct\/eVVQYzFMbLwVRtmV1R1ROGDWEfZBv1exYc\/R1Q+Uu79l3gvTHOnRba4Nt3DQCeYj1iV66OYYaeneZ7DssMSlBOnyE\/khp5\/7rg4TRoSj4DLbpaK1xjyAoaaQ9oNcVEpNKfJDA1Wd8sS3ruJq6F7KG5d5CQ5+yY1Bu+5bYZauaKpeLMhbx9WtP0WQ9xxsqTntxl4kosmuzj70rDvCjA95Eh4NHv0OMadOd6Vs82hlwUk3HXh1AVzIsJSq5EW7Ay5N4b2Wkk85smQhobVsVT09GM9CRDpBdGBO4S1zFUGh1wj9SKoiasoF8D78REyBAzeTcHHgD7wlgS8qtYWgKjRVRVVsSyb82k0GkKJcIZl81gW4F2wW9VZvNsQtVw5xj3UNpxSVvsaUKcCapNyvjiCyToEzawxFW83ZEPNXFyXKykOGNE4s5jVaIiDSSrqYi1lEh\/E6t0HLet5PeSwLxLn8rqFNBmzUegXiw319A4RGuK8AjO9YgNXVRwSGTfA8KIe2ItOx9ADELekS6uZQNB3GPLWykSKhXunIW7bB6cdnHIwdcz3dsXdwYpg+eGCp+7xIk1GsT0ZjmHtyC9UpJLiDkXoQYXw0lDcidMzciLY0hg+P+5PRtOAhy\/xHkPerVB+XEE9ZS9fNLxwGfKeZrK\/bx0ec2tfrwgKT5Q6JK4Un5n00IyVgKOrHVaNXtdwpuKGrjmp8iHoBmKtDMk9NdV1JKYRHkJgojDEKvamhDOG+tsJvG4+PDzFEHJtdha3TlFzZRv1CaTJhUWrdgSYA6TNZpSKb0N0ZHWTw5Cq\/rdrHQAA7Zp5lFXVlcb3e1WUIMUgg2IhUoDaBgmIomIsHldNnAdEEwl2TAGpCIYpDGqM4hWqqAIUBacoBksDCGqccMIwXAUHQFGc4oRWbEmMAoImkRaH\/n37vvc49Oru1X9krf6n31qX\/b39nT2cfYZ7zisymayVWHnj0t+c1WqWRevrM7al9bCTBp17Wt\/jT5449MhT+p8\/7Ps1p4waMvISa28dLNPRSkszZlkrzTT7\/rgRk8fUjJ1kZZnmV5lZC2tr7cwy5k6tm5Vmmw0adlFNZd\/dLcol+Lhok5FBe+Ejprywfn3hkeJSHN2QOV2eMnhq1ez48eOHTZhUo4CVP6upPLJy\/KjVi0fUTKz84UTFGF8zYeK4sWNrRlf+YOykCTXjx02subzyknETK0dgNW7sxF6VI0YOGzWxBjB81PDRo8ZNGrl68S8n6\/uwCWPGjZogNHrUpImVY2omDx+N35pJOJ0UalLPE\/BSOeySmhHkMHzyhJphky8r5DBh3M9rJk4c9V\/nUQg\/YvSwiRNrJk8ADh+3+v5J0u0ZKEypEIFsho2guxNdrwqkDKXdy\/LFbdlgdsp0s8q0yrOs7ede6BkWT2llrb3aHaeaNe1\/NdoKUZ3tAOuSPdC6WiUD1r3kYDskk7HslYsWLiw8alaifxjyjP2LHVpndn32O4PHDR83aZwNrrlo8uhhEyz9+t3C156Z\/268WrXaO1+twoih+cF\/qhWW\/5wxw3dlwf1\/MXDQ+WTCoUObWuxOqJDHP3nwSgsj1qx5xqZa2zXZ6fGCYSVWOg3dXgxVYzMrq7CM1VL9LIVvKhET0BVlvVJ6TrbBLupdUgsT0L3KWNIZq7OpbbNXW\/Su+AcDvj5TNjPfYAixr7y4hCChg5mZskX5Bo3Z6bapmxqMDBosypQtzzf4KNsQX3aCGoQhlmfK5mVpMN2O75SttZsvVYOdQYN52bI7s0YjJp4Xgf5DNNH1KWZnWSaTnWqVx4ZMBibqKmaandcjZLJ5JgvT6Z6QKYGJ97VMCUkM3jdkSsuutHioZUphPj4+ZJqJIYNmML1GhUwZ3qI2limD2bA4ZPaCSRLZ1FmzFiHTHEY2e8G8cWjItICJK5RBne04NWT2zmfQHGbuT0KmZdkVZrss0wJm0uiQKcdbcnaawWs3hEwrGGUgbwuXhkzrvLe9YeqfDpk22MRUVDb9PwyZtnmbljAVn4fMPtjYiZYpZ8pcXh4y7WSzwzKtmG3PtA+Z9tgot9bY3L\/HmHaAsXL1Z7oNPzJkOsLIpg3eTjsxZPaFsebKenr89OCQ2U8ZkLWYI4eGTKc80zarBZUpqCvk6gwFmWrRMSHTWQxBNNmq9wuZA2A02faB2XJryHSBiSinptSQtiFzoBg60xzmy7NDpms+sZYwK8eETCU2KrS8NT4RMt1g5E3T\/YSdIdNdU2qo+lNnl+yRQQ9s1J92MD\/vEzIHiTkonbrzzwmZg2E0dcUsmxAyh+SZdBqGzL\/AKLf2MAuXhsyh6inTQ5Ot6umQ+Y4YaiDmwI0h0zPPdPBhm1NQ9yKI9VBiU+1ldbPIfBdGiZUyOK+Vh0xvlYbVVgIz5IKQ6SNmqDrDjnNPyByON3Umk621FzqETF8xDHU7mN5DQuYIGJWzDcz820PmSDEMgQZ0ytsh0w9GcTpSgLatQuYo5UYBVJrXeobM0fnS7Avz2LEhcwzekh8otzqbc2HI9IdJc6uztXHIHCuG3BRn2R0h8718nP1g5t0fMsdhE52pJVJnD74eMlUwWiIlMOf+I2QGqD\/UupQV2qYsZHJiGJ927AQ3tQmZgXhT1nvBPFQZMhGMRlt7RK5vyBwPo\/50gnksCpkT1J+56ul0u+2kkDlRjPd0urU8K2S+jzf1dH+83TQsZH4AY2SQhemsJVJkToJRDbRPjpkaMicrDgtBWT8xI2ROwUZZsxvGh98aMqfCaIZgY\/svCZnTYGRDT23OEyFzuuKkPY0nrQyZM8TQ0wqYzc+EzJl4S3KedXzzmyFzlmzIujNxPng\/ZM7GRmuhPTZPbg+ZQXkbvFnZzpA5J88w2vE534bMYLxptEuz9cnRzUPm3PwM2T9bb133WCXnyYZRaAUzvGPI\/BBGdTsgWx\/9qEvI\/AhGe0gX4rx7cMicDxPhrVm2Pu7RO2SGiMFbG2z2OzpkfgyTjkJ98uqAkBmqnvoo1MfP7DETLxDDKBhZT\/l+yPyrvNHTEpiTzwqZn6gGQ3U2qY\/+9dyQuRAbnU3akcG06pD5KYwqWg6zz6iQqVYGjAJx4sdHh8ywfBxqEN39y5AZjrd8DeJ5vwqZETD5GsTnXx0yP1OctAbRqbUhUyOGGhxIbpmGkPk53uL2nrV1uD5kLpINWWuGLLshZEYqa+pGbnbXb0JmFN6UGxnYhY0hc7G8kUFXst53Qcj8QjarvAbW56GQGQ2jGjB3oh7LQmaMmAqtknq7+KmQGSumq1ZJffTG2pAZpwzoj+Jc8WLIjJcNcehPNP71kPklTL4\/Ua9NITNB3uhPB6rzYVPITJQNM566Rb\/4a8hMytcNb\/G520Jmct5bS3Ir\/yxkLpG3Ez3raOSukLkURlmXZhui+zMhc1k+Tnm2obp7acj8SnGogWz+3ixkLs\/btMFmVPOQ+TVx0ho0VJ9cHjJXyBtZd802NPZoHTJXymaVsm5oemCPN\/oUGGXdhcvWPZ1C5ioxPqYN1S8eEDJxRlRXDWpDXNItpK7OKAd6RKTqN7qH1FS3IhRdil8+JKSmicr3Kb5\/j\/d9rTukU1DJzF4hVbeb0l2tbUHPDbCgj7kghlRDgeJkhX5IQc+dkAR66GWro1VIzRIVU4f0bBVS12Tyg5QerkLqWqeGqg46XYXUbDlUHdLjVUhd5xSF1RG395CQur7gsBzqzTik5ninqLnOXmXzQ2quHKqwOnz9+Z2QukGU0tDZZ02rkLrRHVIlg1p0QEjdJCujy5VQ554QUjcrQ9uuWHX25YUhdYusFKs11PopIfUbUboKKY0j54fUrYU0dIPr+PuQuk1WMYWS1bMbQmpewaoCavGmkLpdVnrNd+HFXJcJqd+KiipU+elxu3YhNV\/9UuU5nthnnUPqDreiXzoHvX1YSDWK0kFIsXpVhdSdohSrG1bLzgipuzwWyevwMu+CkPpdoV+iykeE1IICxTUPfWNBzw8Z1PYMTQzd80LqbqeYGOlFL6QWi1Lm6U0vpJaIiii7ptMQLZMidY9TlCK964XUvYX00steSN0nK22nmvATloXU770UQ\/Vmr7XtTSF1v1vxau\/OED+owSpSD7jVCGVYZ28eElIPykoZ6hqw5KSQekiUqiHq1pqQerhAlUPNqA2ppd4v1p1uHJU3hNQjbkWGukMOeTSkHhUVV6TUxDdC6rECpeRnfxFSj4tS8jptPtAypJ4opMHEsF17VGOZU1Re1OiKkHqyQKU74UcF\/XIF2mMnLFIrRCm94k5YpFZ62dkWijthkVrl1FB1Kr8TFqlEDtWp4k5YpJ5yipmm0fedsEg9LUq11XY3\/\/aQWu0Ug6X5OeXtkFojSrHSy2ZIPeMZUgptJq\/1DKlnC1VKr5sh9Zwc7r5vhtTzotIMdeEMqbVOkaFiLbsjpNYVYqVXzpBaL6v0JsaEfz2kXhBlFVrIdbb8HyH1oigtZO4h6ZwpUhs8FnNGFyufM0XqJVkpQ213E7uH1MuiVEOs4guOCKmNomTFfSx+9fiQesVj+TF4uj1+cki96pR3ebodqk2jSL0mh+qyJvzDw0PqdbcieXZd+2ZUSL0hK3VZGZ59eUj9UZQyFPXcjJB6s0DR5XjgrSH1lih1Wdv4oUtC6m2nqLxeGY8uC6l3fEYN9VjWtDqk3pWVYlEoG\/JqSG3yfqWFio97K6Tec4pC6ep6X1NIvS+HeqnpTvmTz0OqSZTmYQ8OxVXZkPqTO\/zSWMv18Y5mIfWBJ89a5oibvLV3SP2bHKoanMxtQ7uQ+lBU2q96m1kRUps9lverPvl1l5D6s1P0i4N21K9bSP3FHZ7oacTX9wypj0QpDZJPao8Iqb8Wktf9acwxIfWxx2LayKrdcSH1ScFK\/do1MKS2KJb6RfL\/afZudYckrzvUuNNDaptbrfLkrWGP7etTUUpet6grqkNqu1MVOnLX2+qRIbXDqa5aDvVRn1+G1GeeBv1SrNcnhdTnbkUs+hWtvSKk\/iZK\/WK8ojq914rU391hOl52aX1I\/cMpuszlPe4zK6S+cIfUsARq540htdPLO9R0fU9a3RZS\/y6r\/P09OurukPpSlGYvQxmtfiCkdnkadJlYNmppSH1ViEU1kiFPhNTXcpivhp2ZhNQ3ovLVsBbPh9S3HiutRvLlupCKs6KoRgUZLt0QUldncahVySgnLd8MqamiNMokHw9uCqlp2d3JRydsDqlatyL5LFZHbw2pOlHa9IgV\/fTvITVdlGJ1o1+Lvg6peo9F8lys4lnZkGoo9KsDd66LSkNqhhzqeMCN1e5tHlIz3SETAIeVXVuG1KyCQ+NWuGuPk8M17hCr1lxN398npK51qjylXugYUrMLFNfMpmX7h9R1olQorpn2SJeQul6URlnU3D12mzkFqh3U+INDaq5TPg8b7PHvhNQN3i+fhw1NMw4LqRu9GkM9wyTTO6RuksN8hk27+obUzaKUBjVseuuokLrFY1HDFpT3sT12tt\/IKv3zWEPlXVUhdasoxcJhdHsUUrcVHFZk\/S+ZBT1\/vMSbT13+lHRYSN0uStNJx7y\/7R9Sv93d32m2fWRIzXcrctBdo99HIXWHqHTq1lr1USHVKIpYzVu0yGTSv8UX\/zRvWf5636ukw6bOXR4auOOLbv2f6vdsn\/7f7Dzm1M8vLrVmjWVWvhdzzTTh\/od\/rJf1zl6ViTOZqzM2NWPT+LMzf\/blD7sZq89YQ8ZmZOyWjC2k9bqMrc9kX8zYhgzW8XtrWmT1Pzmsu\/5PyKljJ9VMGDtsdOXZY0f\/qvLEYWMvGTbRygr\/iSH9vwv\/q\/8hMjuTsbKDLiO96POcWS6XtfioPLAPBtBGeVdXIQXmQh09ELA8Dxp7DIQR1TIP8n7wGA\/OWTxdjjYXwN05q+6EWZ6yRv1VOykZaFFtrsSBtcpZ9Akupg2gsy8BKpdbMt8ligscWNwdOXgAjgQGrcT1NSRbANFeilGBJwHrSrDt+I\/Pz1nSghi4QxJwgwMzAibbaOEZrOMLMm7IZR2Qm1Gft\/AygzYC0eO0eYZnoxQPo9jCcz3PFhTxGQ7S5J7LkQogbgljZ6CZNsASmiJRYAuwGGe2BYW822HYIwlnT5cQWynxofmzgLjK4tXIn6n57wAUxMa4pEUXB2avUo9yWthQwJ08kvsqB0B8Ma22Iq+R4hi+LKAzN7mk008HIFpGE4F4I18eodn7UizkyzaUpIikz8McmEW0+JMUB6J4nRZI0mUY1M3VMALJH2m6HMXHUvwD8DWKXpiUMi7xT3DCuETXuKTFHxxYjEP7SibbUXzIlx3IP8g7wL5WfwUG4fBLpFVRfAdGk3UOjJl5OehaNb7BgcWLkE9K8STgL+SnDu+HX4FoGiCe74Am7R24tB55hX1KdQ9HrpSTMwHyenkq6\/SfO1QxFgJDNo+U\/8yX61zS\/EQHPkvYBwkl4Bkzl\/mkIJ3LlQQXiLsBPpX12VhTmmiOS4aGRAFpwOY0dbA5Z5uURkwwOxStgHuKbgxA8nEupYrAygjiYD3JnIO8hy7GFwJmorjKJYp6BxbfhLxZK1NAc9ZrpRn5M5dkfIgDi8uQ71ah2ICjqTySZcQV8ATs+uN2A09SVBEUOwKwd7SXRDfwRUHi\/g58MO0yErTvkZwiSl4ll4Cogc4JxA\/C3EbTl6V4k\/CfouhBHYySxkMBlDS+1iV9etqBxe8jt2OSfEXzDXxBRtfiXcAmAaylA7y2AhzEMB+L3ExG8c8BWguqlDaD6H4HFq1C3ivFywAt5E2Y7Y2z6N9RrBCj9UP38v01BvZa2mxVnBEOzAbwvCXFfuS1hi+teRrxEm8IQPw7msQv0ORZvvwB5m0p7uELTvJebYmKq73Fax93Ratuaz9WHfAmSR3edGARNvYRLZIvaborZ5XNmZEltLD2AFok3XhkEp3lgImM2aNkJcAna03HBCB+GG8OXiKLvthsQtHYE6MtxOrsssQqWzuwxma0eBdFpARe5PmCZynuBfgQZ20Aoodo6wDj6DoeedPcAvDWxfiZHE0BfACzGJYC8KLkq2PLfJmlX4hWiaW7YsWom9GdLglGHgBLJB\/GtwAfbEiDTx4sxTgC+GRYjnwPhT0AIDGNPxL3v3Lg77ioSYqjAK+hIOMkyeEMwIdE2Uz4pCBNMs2WvOt9nJcUGgjoNW9zsD2apOPEARMYz4ehSEr5wlA2UvfGVigaOzFEfyMmkmVCtwB2Lxk5GAdDU7YvRlO2i1kAH+K0J7Pa5D3+nm+NfIirBPhQ0H6k2J1UBOy3A\/B7jQOKs8aB2b+RU3v8WoYAQ1Ai7T5SEIieyjPRt6TwIU9bsk2eo1l3lHMD9wBb5e\/dE\/H4Ag50BADgYCHtmU3J4zyagPE6mG08ks0G5hUHM6wzXaL4sQMfkKYDUFi7nFV3IDVkVEZM+xHjUCYG0MRMtr8OsMqeUpBN3D\/vrD+KaKUDi9\/BmVokO3HShRZIa1ZQfMbzVxRaAKxnP6vEq5BPoog3wT7El63IeSiibwB1PEg7Pa+wV0jqPWROJV4JYJuxWS7x0ceB2XvU\/WhaWBVgHY9klKNT5bSIcCagjTfui+J5NT0fwDbnzrTvxfc5SKOsRWFM9XgvviDtVPkA+Bho\/t8kxRLAIh6UyaIc4RiqImCobLMvQ9VvNloBPtBLCFwEmtu+9Wtua\/kAzFgJySEorBOF3g8Fkv08VWjGVNMindKUEP9m+EDijDiAfOhE21kMB8D6jw4s\/gT5nBSGG0ZHMnL\/gGqtDlpUdlIGmDR1g12a06zEGV6LQM6e8m72lBN16nY6VQCRL22oItCHWc2RpFJrVyA5nBxYg439pFjDm7A\/ii9douhEulIcwo7qLRRWJsjUB0CzWy2SblJgYgeiwAcSBU4BHiVtQVg3QeLDZmipaSNjQjEZ+jv4\/xc3iv3Iaw1fWvM04iXeEID\/3Yubg+fdOYs6MwMsLoBvyCwCxGOxEsi3sT9p+4+vQ+vdWuxAu4bZKileBOyiny\/hvGcOT7scUEb1byduP0EuUNN3AZWMz2rk+Co6cy+ADrt3H+jDHaRbyBRMrD\/NW6BEJrXyDoivwbuAPQJzM8wrUrwMswPFgeSdYVzj86gD4xrhHUlCyx1Y8jYtdspEGW7iUcoP4d07obe+epWsp9kfULyLIl4C2IriOpfYDnFg1pfnNRSMqVfF5UycCdjUPBMfwhc1\/YhexecDKGKMM0l+DqHECa3aqDnAjiLUwyi000ULABeivBo5BoVVAa7gaUcon\/XMK58991KMO6WoRfEgCsk1eUW8GcXfkF+hiI\/AlmJYnUtaLHXgZ6lkFy187\/uQPCRX0aFkhQMKKfAK8X9P0\/dRxL\/ly1aUOEOioIcAs+OQH0hxIOCPPEjePKnCHuU5FuV9UpzLlwWEu4bndhQ6z8Q38qzBZIYUb9NiCuyHKH+KItkGOB4W6fdYB\/OowUZkGZVOHgEwofTDAhIfZzjgr1XIQVUomDbWlucWntsw4eXm92BJRo0pV06UQ\/Aet8ZmO0xf5DI1PQ\/A+Ll3rY6k0UG6A\/0ehY\/lmyiQDK69oq056kjZ9ZpxMArPlQJZmjZDXo2dfcyX+EkfFGu7nKaLAN6BHzpIN4ChajqbjLbxcHKzkcpXQO7tYJoUwS+I4+AAUhmEbJLxFYAZzBG5nyHFSw4spsbews\/KnSm65MW4F3CvkZLm3Thbs9cibGYoBCB5niavk4V+BVBMzatkqks8PuKAyuNxuzwyldL30VcB8NFx8MQKizbRttNKjFei+OFKTQhJ3P\/YAQfOHOtCCg4p1mNlOqCfrqD3XwDiFTDH4KTFSh8uJM4WO\/CfEuw5tdgAuGRFKrcfh63AkAE0fRhA2SN6gSQzugVI+1lHC3Xc2qBExmRHTVrRndocFMC+S6wjkDvUls1DVU6udYm3ZQ7SeB1yaeBY6yR5AidbeGbzbEGhDgPMjuTxja9Vzs+ekoSzt7RhcwBTjWABbGlmtw6waKMUTEfbgfcevK59n7wAe8YjnuOSkM870C1blzZalDFaz2GC5FLP+AAIlTLxsTT\/mgh\/pyPJNsB4Qr6CfL6KFo8BVKe5Lol\/tAOO5uThhSNDLxySoaHvAHI39sS9ycDjAOLetOnHs11GFwKmYSi3WnrRow44cCJV4+Q9wOGkhsRbqogew89aFKpE\/AhftvLQcSSKCx34QSpSaRXWKK0keVgf5dQTHavVz1N88kCvTKeKgM+ltLed2C7OoZTXAuBywobKBXg3cFdLcFUEWmWxzpUFUDzmFUH8Eg4VoggIYTWK24Uot8i5JksRuPPDcV4EDVDRvRh+JA8nDAiA1mK0GaoAkq2iUs92GlGSu8Df4qFaW5fybOyaB9ETUIris1zAfzQW5furQN7cXvY5y2nDLqLsjTpgc9ZrlM\/BjGX8F5ppztznkuE\/3wG\/bCMX0sLG4rEPXyQXKkmB53EmkGjPWoVD3e+slAN0D+btSSyA3ijiWsrHiTZ60CVz6WMH1sjsjg5FwcHbH8\/wC7w3ZR1g+23Oon1whgkss+x1qnQQdjhD4myqA\/YzZHsU2oAT2Us+izMBP7k5oFl8Js\/eUlyF1xl0RP3WPsFJQyC9yW1EkXwDaEWH5PAiOVOKF+VsuFHQ6ZjusxLlyCreniuwvwRN7xW8Rgew\/1bBCLzD+PkLsQg6DKCtwJDlXA+Qvn9upO3mFQW3+V81utMLLR6rBrBrRHe6RPGFA\/8NI\/k\/+zEjXY+iCoBs7dMsqfsa83YCmo7KHYDzdx34yy75DorKcsaYO7VL3akd7KDwpfRQt\/5oF\/ms4\/mAnFahSL7ly+M5q9bibkRhzBObgWPJwQVFEzeeDLJ6AGGx1SdmDfPJZ8aHOvfD2z05ugDwTUNHUgBu1jtQ4fQHGiKTF2+RVJ5DIAGMCw+2\/Rzk\/SYvo9JSBNCRpx3wZqMjTSjsIxpvR4FsVN8d8GtF\/EbOqjXp7RladKdc1A+Z918ActboBadWkbZzgbgc95\/gdSoZ20sArec7XFKJ8x34z4p2Ob21zgAviQa1CAqDWgTJdvwX73jzXVIA\/AMsIWDkpxIysLXYIaOGHN4E2AjY0t4iMX9hABI2sfg5nldQ6B2jOWjFSXmagzTwU7k0g3h\/GDuTZjN4odEUibNHHFiEM3+DyXt8GHaSMwoVymGi2ALRWpq+hlTC8UE0pQfxNJcoljrwOwt\/YGPybgRoo052BcD\/ABa\/GIJTiO5HAupruEMSEP8Av0pwWUBBBnFrlMhoeo4KAcjNyLI8p1rRBqA++FlkK0YqvN7C8WyX9PJxBx6YLS3NIFmLbQwTb4W9ziXOLnBgMc4SlVveI+rvsjZni7Xf2DoUP8KzdgglHE92iUJTBYUfLCrVgnLbozwNPAOILeCF0S+wRRAPJJaA2mu3RjLWpAfwwxC\/IFJMgNvYFwHgA1hfAGlydryR6FFgX6clTLUi8GZLSKgItPF44yJgLc\/N4ELvAtdG7wPKSEK\/jaSa00IgX9ERAeCVS7x+A626PW3iHZiLSl7IAzsM4FQ\/ip02RuOUcioChcin4e\/7+DLwLjoTrcqlVYi3FcC1UDKMz8sDq61KKd3nHeTN\/WAU\/5rQ9xI6WZb3oN9pHES3QGlVxp\/R3l2tKIArGY\/ToJiPPNIsqEIKnJ634s2W+rFmuRTkY6V\/79LRgg80IPlYBturdgM3EFUElR1ZbwL8vMpPw7jydwRlaTyBWs91yVy\/y4H+LGGx9iN7kKbfhYkW8KLojS39QmIbO7B4JAnqhGGDaNqNFsi4o2wBnkCiPbUA0iShioAPgNz0manu5Q+faOe5NgXuQlQR6EMxZpF0F1QC1QcA+M0hBfzt1Br7CgwakNesWb4bNLnVM1RlICCuoEcC8tPIm9L+Aw==(\/figma)-->Pour appartement de 3 ou 4 pi\u00e8ces : Cartons, chaises, tables, plusieurs lits, canap\u00e9, armoires, biblioth\u00e8ques, lampes, tapis et meubles de grandes tailles.<br \/>\n<label class=\"sub-product-desc\">Pour entreprise : plusieurs bureaux, armoires, imprimante, mat\u00e9riel de manutention de dimension moyenne \u00e0 grande ainsi que des archives, outils.<\/label><\/p>\n","protected":false},"excerpt":{"rendered":"<p>Pour appartement de 3 ou 4 pi\u00e8ces : Cartons, chaises, tables, plusieurs lits, canap\u00e9, armoires, biblioth\u00e8ques, lampes, tapis et meubles de grandes tailles. Pour entreprise : plusieurs bureaux, armoires, imprimante, mat\u00e9riel de manutention de dimension moyenne \u00e0 grande ainsi que des archives, outils.<\/p>\n","protected":false},"featured_media":5065,"comment_status":"open","ping_status":"closed","template":"","meta":[],"product_brand":[],"product_cat":[31],"product_tag":[],"class_list":{"0":"post-2805","1":"product","2":"type-product","3":"status-publish","4":"has-post-thumbnail","6":"product_cat-uncategorized","8":"first","9":"instock","10":"taxable","11":"shipping-taxable","12":"purchasable","13":"product-type-simple"},"_links":{"self":[{"href":"https:\/\/easystock.ch\/en\/wp-json\/wp\/v2\/product\/2805","targetHints":{"allow":["GET"]}}],"collection":[{"href":"https:\/\/easystock.ch\/en\/wp-json\/wp\/v2\/product"}],"about":[{"href":"https:\/\/easystock.ch\/en\/wp-json\/wp\/v2\/types\/product"}],"replies":[{"embeddable":true,"href":"https:\/\/easystock.ch\/en\/wp-json\/wp\/v2\/comments?post=2805"}],"wp:featuredmedia":[{"embeddable":true,"href":"https:\/\/easystock.ch\/en\/wp-json\/wp\/v2\/media\/5065"}],"wp:attachment":[{"href":"https:\/\/easystock.ch\/en\/wp-json\/wp\/v2\/media?parent=2805"}],"wp:term":[{"taxonomy":"product_brand","embeddable":true,"href":"https:\/\/easystock.ch\/en\/wp-json\/wp\/v2\/product_brand?post=2805"},{"taxonomy":"product_cat","embeddable":true,"href":"https:\/\/easystock.ch\/en\/wp-json\/wp\/v2\/product_cat?post=2805"},{"taxonomy":"product_tag","embeddable":true,"href":"https:\/\/easystock.ch\/en\/wp-json\/wp\/v2\/product_tag?post=2805"}],"curies":[{"name":"wp","href":"https:\/\/api.w.org\/{rel}","templated":true}]}}